{"id":4143,"date":"2019-11-06T11:47:39","date_gmt":"2019-11-06T10:47:39","guid":{"rendered":"http:\/\/www.permind.eu\/learningplatform\/estudios-de-caso\/"},"modified":"2019-11-06T11:47:45","modified_gmt":"2019-11-06T10:47:45","slug":"estudios-de-caso","status":"publish","type":"page","link":"https:\/\/www.permind.eu\/learningplatform\/estudios-de-caso\/?lang=es","title":{"rendered":"Estudios de caso"},"content":{"rendered":"<p>[et_pb_section fb_built=&#8221;1&#8243; admin_label=&#8221;section&#8221; _builder_version=&#8221;3.29.3&#8243; _dynamic_attributes=&#8221;link_option_url&#8221; custom_margin=&#8221;|||-2px||&#8221; link_option_url=&#8221;@ET-DC@eyJkeW5hbWljIjp0cnVlLCJjb250ZW50IjoicG9zdF9saW5rX3VybF9hdHRhY2htZW50Iiwic2V0dGluZ3MiOnsicG9zdF9pZCI6IjM0NDEifX0=@&#8221; link_option_url_new_window=&#8221;on&#8221; fb_built=&#8221;1&#8243; _i=&#8221;0&#8243; _address=&#8221;0&#8243;][et_pb_row column_structure=&#8221;1_3,1_3,1_3&#8243; admin_label=&#8221;row&#8221; _builder_version=&#8221;3.25&#8243; background_size=&#8221;initial&#8221; background_position=&#8221;top_left&#8221; background_repeat=&#8221;repeat&#8221; _i=&#8221;0&#8243; _address=&#8221;0.0&#8243;][et_pb_column type=&#8221;1_3&#8243; _builder_version=&#8221;3.25&#8243; custom_padding=&#8221;|||&#8221; _i=&#8221;0&#8243; _address=&#8221;0.0.0&#8243; custom_padding__hover=&#8221;|||&#8221;][et_pb_image src=&#8221;http:\/\/www.permind.eu\/learningplatform\/wp-content\/uploads\/2019\/10\/panel-solar.png&#8221; url_new_window=&#8221;on&#8221; _builder_version=&#8221;3.29.3&#8243; hover_enabled=&#8221;0&#8243; _i=&#8221;0&#8243; _address=&#8221;0.0.0.0&#8243; url=&#8221;http:\/\/www.permind.eu\/learningplatform\/wp-content\/uploads\/2019\/11\/Estudio-de-caso-en-proceso.pdf&#8221;][\/et_pb_image][et_pb_text _builder_version=&#8221;3.29.3&#8243; hover_enabled=&#8221;0&#8243; _i=&#8221;1&#8243; _address=&#8221;0.0.0.1&#8243;]<\/p>\n<h2 style=\"text-align: center;\"><span style=\"color: #b3bf00;\">En proceso<\/span><\/h2>\n<p>[\/et_pb_text][et_pb_text _builder_version=&#8221;3.29.3&#8243; _i=&#8221;2&#8243; _address=&#8221;0.0.0.2&#8243;]G tuvo una depresi\u00f3n severa. Es una persona muy aut\u00f3noma y tuvo diferentes trabajos antes y durante Permind. Necesitaba terapia.[\/et_pb_text][\/et_pb_column][et_pb_column type=&#8221;1_3&#8243; _builder_version=&#8221;3.25&#8243; custom_padding=&#8221;|||&#8221; _i=&#8221;1&#8243; _address=&#8221;0.0.1&#8243; custom_padding__hover=&#8221;|||&#8221;][et_pb_image src=&#8221;http:\/\/www.permind.eu\/learningplatform\/wp-content\/uploads\/2019\/10\/Prueba2-300_150.png&#8221; url=&#8221;http:\/\/www.permind.eu\/learningplatform\/wp-content\/uploads\/2019\/11\/Estudio-de-caso-Love-for-Learning.pdf&#8221; url_new_window=&#8221;on&#8221; align=&#8221;center&#8221; _builder_version=&#8221;3.29.3&#8243; hover_enabled=&#8221;0&#8243; _i=&#8221;0&#8243; _address=&#8221;0.0.1.0&#8243;][\/et_pb_image][et_pb_text _builder_version=&#8221;3.29.3&#8243; hover_enabled=&#8221;0&#8243; _i=&#8221;1&#8243; _address=&#8221;0.0.1.1&#8243;]<\/p>\n<h2 style=\"text-align: center;\"><span style=\"color: #b3bf00;\">Gusto por aprender<\/span><\/h2>\n<p>[\/et_pb_text][et_pb_text _builder_version=&#8221;3.29.3&#8243; _i=&#8221;2&#8243; _address=&#8221;0.0.1.2&#8243;]J. ya trabajaba en huertos antes de Permind, es un chico con dificultades de aprendizaje, pero a quien le encanta aprender cosas nuevas. Ten\u00eda dificultades para trabajar en equipo. Ahora le encanta.[\/et_pb_text][\/et_pb_column][et_pb_column type=&#8221;1_3&#8243; _builder_version=&#8221;3.25&#8243; custom_padding=&#8221;|||&#8221; _i=&#8221;2&#8243; _address=&#8221;0.0.2&#8243; custom_padding__hover=&#8221;|||&#8221;][et_pb_image src=&#8221;http:\/\/www.permind.eu\/learningplatform\/wp-content\/uploads\/2019\/10\/abono.png&#8221; url=&#8221;http:\/\/www.permind.eu\/learningplatform\/wp-content\/uploads\/2019\/11\/Estudio-de-caso-MarkoMB.pdf&#8221; url_new_window=&#8221;on&#8221; align=&#8221;center&#8221; _builder_version=&#8221;3.29.3&#8243; hover_enabled=&#8221;0&#8243; _i=&#8221;0&#8243; _address=&#8221;0.0.2.0&#8243;][\/et_pb_image][et_pb_text _builder_version=&#8221;3.29.3&#8243; hover_enabled=&#8221;0&#8243; _i=&#8221;1&#8243; _address=&#8221;0.0.2.1&#8243;]<\/p>\n<h2 style=\"text-align: center;\"><span style=\"color: #b3bf00;\">Marko<\/span><\/h2>\n<p>[\/et_pb_text][et_pb_text _builder_version=&#8221;3.29.3&#8243; _i=&#8221;2&#8243; _address=&#8221;0.0.2.2&#8243;]Marko est\u00e1 jubilado con una pensi\u00f3n de invalidez, sus problemas se deben en parte a que &#8220;no tiene nada que hacer&#8221;, como \u00e9l dice. No ten\u00eda inter\u00e9s en la jardiner\u00eda ni en\u00a0 la permacultura[\/et_pb_text][\/et_pb_column][\/et_pb_row][et_pb_row column_structure=&#8221;1_3,1_3,1_3&#8243; admin_label=&#8221;row&#8221; _builder_version=&#8221;3.25&#8243; background_size=&#8221;initial&#8221; background_position=&#8221;top_left&#8221; background_repeat=&#8221;repeat&#8221; _i=&#8221;1&#8243; _address=&#8221;0.1&#8243;][et_pb_column type=&#8221;1_3&#8243; _builder_version=&#8221;3.25&#8243; custom_padding=&#8221;|||&#8221; _i=&#8221;0&#8243; _address=&#8221;0.1.0&#8243; custom_padding__hover=&#8221;|||&#8221;][et_pb_image src=&#8221;http:\/\/www.permind.eu\/learningplatform\/wp-content\/uploads\/2019\/10\/pimiento-1.png&#8221; url=&#8221;http:\/\/www.permind.eu\/learningplatform\/wp-content\/uploads\/2019\/11\/Estudio-de-caso-Superando-el-miedo.pdf&#8221; url_new_window=&#8221;on&#8221; _builder_version=&#8221;3.29.3&#8243; hover_enabled=&#8221;0&#8243; _i=&#8221;0&#8243; _address=&#8221;0.1.0.0&#8243;][\/et_pb_image][et_pb_text _builder_version=&#8221;3.29.3&#8243; hover_enabled=&#8221;0&#8243; _i=&#8221;1&#8243; _address=&#8221;0.1.0.1&#8243;]<\/p>\n<h2 style=\"text-align: center;\"><span style=\"color: #b3bf00;\">Superando el miedo<\/span><\/h2>\n<p>[\/et_pb_text][et_pb_text _builder_version=&#8221;3.29.3&#8243; _i=&#8221;2&#8243; _address=&#8221;0.1.0.2&#8243;]R. tiene 38 a\u00f1os y padece una grave depresi\u00f3n y p\u00e1nico por salir a la calle y hablar con la gente. La vida de R ha cambiado completamente despu\u00e9s de PERMIND.[\/et_pb_text][\/et_pb_column][et_pb_column type=&#8221;1_3&#8243; _builder_version=&#8221;3.25&#8243; custom_padding=&#8221;|||&#8221; _i=&#8221;1&#8243; _address=&#8221;0.1.1&#8243; custom_padding__hover=&#8221;|||&#8221;][et_pb_image src=&#8221;http:\/\/www.permind.eu\/learningplatform\/wp-content\/uploads\/2019\/10\/pala.png&#8221; url=&#8221;http:\/\/www.permind.eu\/learningplatform\/wp-content\/uploads\/2019\/11\/Estudio-de-caso-Manuel.pdf&#8221; url_new_window=&#8221;on&#8221; align=&#8221;center&#8221; _builder_version=&#8221;3.29.3&#8243; hover_enabled=&#8221;0&#8243; _i=&#8221;0&#8243; _address=&#8221;0.1.1.0&#8243;][\/et_pb_image][et_pb_text _builder_version=&#8221;3.29.3&#8243; hover_enabled=&#8221;0&#8243; _i=&#8221;1&#8243; _address=&#8221;0.1.1.1&#8243;]<\/p>\n<h2 style=\"text-align: center;\"><span style=\"color: #b3bf00;\">El convertido<\/span><\/h2>\n<p>[\/et_pb_text][et_pb_text _builder_version=&#8221;3.29.3&#8243; _i=&#8221;2&#8243; _address=&#8221;0.1.1.2&#8243;]M. est\u00e1 retirado. Era agricultor y cre\u00eda que ya lo sab\u00eda todo sobre temas agr\u00edcolas pero con PERMIND cambi\u00f3 de opini\u00f3n.[\/et_pb_text][\/et_pb_column][et_pb_column type=&#8221;1_3&#8243; _builder_version=&#8221;3.25&#8243; custom_padding=&#8221;|||&#8221; _i=&#8221;2&#8243; _address=&#8221;0.1.2&#8243; custom_padding__hover=&#8221;|||&#8221;][et_pb_image src=&#8221;http:\/\/www.permind.eu\/learningplatform\/wp-content\/uploads\/2019\/10\/raiz.png&#8221; url=&#8221;http:\/\/www.permind.eu\/learningplatform\/wp-content\/uploads\/2019\/11\/Estudio-de-caso-Mariano.pdf&#8221; url_new_window=&#8221;on&#8221; align=&#8221;center&#8221; _builder_version=&#8221;3.29.3&#8243; hover_enabled=&#8221;0&#8243; _i=&#8221;0&#8243; _address=&#8221;0.1.2.0&#8243;][\/et_pb_image][et_pb_text _builder_version=&#8221;3.29.3&#8243; hover_enabled=&#8221;0&#8243; _i=&#8221;1&#8243; _address=&#8221;0.1.2.1&#8243;]<\/p>\n<h2 style=\"text-align: center;\"><span style=\"color: #b3bf00;\">El Monitor<\/span><\/h2>\n<p>[\/et_pb_text][et_pb_text _builder_version=&#8221;3.29.3&#8243; _i=&#8221;2&#8243; _address=&#8221;0.1.2.2&#8243;]Cre\u00eda que PERMIND\u00a0 era solo algo m\u00e1s que aprender, pero no esperaba que la permacultura fuera una alternativa real a la agricultura tradicional o ecol\u00f3gica.[\/et_pb_text][\/et_pb_column][\/et_pb_row][et_pb_row column_structure=&#8221;1_3,1_3,1_3&#8243; admin_label=&#8221;row&#8221; _builder_version=&#8221;3.25&#8243; background_size=&#8221;initial&#8221; background_position=&#8221;top_left&#8221; background_repeat=&#8221;repeat&#8221; _i=&#8221;2&#8243; _address=&#8221;0.2&#8243;][et_pb_column type=&#8221;1_3&#8243; _builder_version=&#8221;3.25&#8243; custom_padding=&#8221;|||&#8221; _i=&#8221;0&#8243; _address=&#8221;0.2.0&#8243; custom_padding__hover=&#8221;|||&#8221;][et_pb_image src=&#8221;http:\/\/www.permind.eu\/learningplatform\/wp-content\/uploads\/2019\/10\/probeta.png&#8221; url=&#8221;http:\/\/www.permind.eu\/learningplatform\/wp-content\/uploads\/2019\/11\/Estudio-de-caso-Skofja-Loka.pdf&#8221; url_new_window=&#8221;on&#8221; _builder_version=&#8221;3.29.3&#8243; hover_enabled=&#8221;0&#8243; _i=&#8221;0&#8243; _address=&#8221;0.2.0.0&#8243;][\/et_pb_image][et_pb_text _builder_version=&#8221;3.29.3&#8243; hover_enabled=&#8221;0&#8243; _i=&#8221;1&#8243; _address=&#8221;0.2.0.1&#8243;]<\/p>\n<h2><span style=\"color: #b3bf00;\"><strong>Experiencia en el centro de d\u00eda \u0160kofja Loka\/A<\/strong><\/span><\/h2>\n<p>[\/et_pb_text][et_pb_text _builder_version=&#8221;3.29.3&#8243; custom_padding=&#8221;||0px|||&#8221; _i=&#8221;2&#8243; _address=&#8221;0.2.0.2&#8243;]El personal y los usuarios de los servicios de \u0160kofja Loka no ten\u00edan jard\u00edn y s\u00f3lo dos de ellos ten\u00edan experiencia previa en jardiner\u00eda. El centro de d\u00eda est\u00e1 situado en el centro de la ciudad y ofrece pocas oportunidades de hacer ejercicio o cualquier actividad f\u00edsica.[\/et_pb_text][\/et_pb_column][et_pb_column type=&#8221;1_3&#8243; _builder_version=&#8221;3.25&#8243; custom_padding=&#8221;|||&#8221; _i=&#8221;1&#8243; _address=&#8221;0.2.1&#8243; custom_padding__hover=&#8221;|||&#8221;][et_pb_image src=&#8221;http:\/\/www.permind.eu\/learningplatform\/wp-content\/uploads\/2019\/10\/zanahoria.png&#8221; url=&#8221;http:\/\/www.permind.eu\/learningplatform\/wp-content\/uploads\/2019\/11\/Estudio-de-caso_Noas_trainers.pdf&#8221; url_new_window=&#8221;on&#8221; align=&#8221;center&#8221; _builder_version=&#8221;3.29.3&#8243; hover_enabled=&#8221;0&#8243; _i=&#8221;0&#8243; _address=&#8221;0.2.1.0&#8243;][\/et_pb_image][et_pb_text _builder_version=&#8221;3.29.3&#8243; hover_enabled=&#8221;0&#8243; _i=&#8221;1&#8243; _address=&#8221;0.2.1.1&#8243;]<\/p>\n<h2 style=\"text-align: center;\"><span style=\"color: #b3bf00;\">Formadoras de Onsala<\/span><\/h2>\n<p>[\/et_pb_text][et_pb_text _builder_version=&#8221;3.29.3&#8243; custom_padding=&#8221;||0px|||&#8221; _i=&#8221;2&#8243; _address=&#8221;0.2.1.2&#8243;]Desde hace varios a\u00f1os, las personas con problemas de salud mental vienen a Onsala para recibir rehabilitaci\u00f3n e intervenciones asistidas por la naturaleza y los animales. La mayor\u00eda de las personas tienen problemas relacionados con el estr\u00e9s.[\/et_pb_text][\/et_pb_column][et_pb_column type=&#8221;1_3&#8243; _builder_version=&#8221;3.25&#8243; custom_padding=&#8221;|||&#8221; _i=&#8221;2&#8243; _address=&#8221;0.2.2&#8243; custom_padding__hover=&#8221;|||&#8221;][et_pb_image src=&#8221;http:\/\/www.permind.eu\/learningplatform\/wp-content\/uploads\/2019\/10\/riego.png&#8221; url=&#8221;http:\/\/www.permind.eu\/learningplatform\/wp-content\/uploads\/2019\/11\/Estudio-de-caso-Liubliana.pdf&#8221; url_new_window=&#8221;on&#8221; align=&#8221;center&#8221; _builder_version=&#8221;3.29.3&#8243; hover_enabled=&#8221;0&#8243; _i=&#8221;0&#8243; _address=&#8221;0.2.2.0&#8243;][\/et_pb_image][et_pb_text _builder_version=&#8221;3.29.3&#8243; hover_enabled=&#8221;0&#8243; _i=&#8221;1&#8243; _address=&#8221;0.2.2.1&#8243;]<\/p>\n<h2 style=\"text-align: center;\"><span style=\"color: #b3bf00;\">Ljubljana (Je\u017eica)<\/span><\/h2>\n<p>[\/et_pb_text][et_pb_text _builder_version=&#8221;3.29.3&#8243; custom_padding=&#8221;||0px|||&#8221; _i=&#8221;2&#8243; _address=&#8221;0.2.2.2&#8243;]El grupo Je\u017eica es una casa donde las personas con problemas de salud mental viven de forma aut\u00f3noma, con reuniones semanales con\u00a0 un mentor, que les ayuda con sus problemas\u00a0 diarios: como mantenerse limpios, comer bien, hacer ejercicio, comunicarse bien y otros aspectos de la vida. Con pocos fondos y enfermedades mentales, muchos residentes encuentran pocas razones para comprometerse. Aqu\u00ed es donde entra en juego PERMIND.[\/et_pb_text][\/et_pb_column][\/et_pb_row][et_pb_row column_structure=&#8221;1_3,1_3,1_3&#8243; admin_label=&#8221;row&#8221; _builder_version=&#8221;3.25&#8243; background_size=&#8221;initial&#8221; background_position=&#8221;top_left&#8221; background_repeat=&#8221;repeat&#8221; _i=&#8221;3&#8243; _address=&#8221;0.3&#8243;][et_pb_column type=&#8221;1_3&#8243; _builder_version=&#8221;3.25&#8243; custom_padding=&#8221;|||&#8221; _i=&#8221;0&#8243; _address=&#8221;0.3.0&#8243; custom_padding__hover=&#8221;|||&#8221;][et_pb_image src=&#8221;http:\/\/www.permind.eu\/learningplatform\/wp-content\/uploads\/2019\/10\/granjero.png&#8221; url=&#8221;http:\/\/www.permind.eu\/learningplatform\/wp-content\/uploads\/2019\/11\/Estudio-de-caso-Santos.pdf&#8221; url_new_window=&#8221;on&#8221; _builder_version=&#8221;3.29.3&#8243; hover_enabled=&#8221;0&#8243; _i=&#8221;0&#8243; _address=&#8221;0.3.0.0&#8243;][\/et_pb_image][et_pb_text _builder_version=&#8221;3.29.3&#8243; hover_enabled=&#8221;0&#8243; _i=&#8221;1&#8243; _address=&#8221;0.3.0.1&#8243;]<\/p>\n<h2 style=\"text-align: center;\"><span style=\"color: #b3bf00;\">La nueva actitud<\/span><\/h2>\n<p>[\/et_pb_text][et_pb_text _builder_version=&#8221;3.29.3&#8243; custom_padding=&#8221;||0px|||&#8221; _i=&#8221;2&#8243; _address=&#8221;0.3.0.2&#8243;]S. estaba vinculado a la zona rural porque viv\u00eda all\u00ed, y tambi\u00e9n a la jardiner\u00eda. Ya conoc\u00eda la agricultura ecol\u00f3gica cuando empez\u00f3 el curso. PERMIND ha producido un cambio de 180\u00ba en la actitud del S hacia la vida en general.[\/et_pb_text][\/et_pb_column][et_pb_column type=&#8221;1_3&#8243; _builder_version=&#8221;3.25&#8243; custom_padding=&#8221;|||&#8221; _i=&#8221;1&#8243; _address=&#8221;0.3.1&#8243; custom_padding__hover=&#8221;|||&#8221;][et_pb_image src=&#8221;http:\/\/www.permind.eu\/learningplatform\/wp-content\/uploads\/2019\/10\/Prueba-300_150-1.png&#8221; url=&#8221;http:\/\/www.permind.eu\/learningplatform\/wp-content\/uploads\/2019\/11\/Estudio-de-caso_plantilla.pdf&#8221; url_new_window=&#8221;on&#8221; align=&#8221;center&#8221; _builder_version=&#8221;3.29.3&#8243; hover_enabled=&#8221;0&#8243; _i=&#8221;0&#8243; _address=&#8221;0.3.1.0&#8243;][\/et_pb_image][et_pb_text _builder_version=&#8221;3.29.3&#8243; hover_enabled=&#8221;0&#8243; _i=&#8221;1&#8243; _address=&#8221;0.3.1.1&#8243;]<\/p>\n<h2 style=\"text-align: center;\"><span style=\"color: #b3bf00;\">Salir de casa<\/span><\/h2>\n<p>[\/et_pb_text][et_pb_text _builder_version=&#8221;3.29.3&#8243; custom_padding=&#8221;||0px|||&#8221; _i=&#8221;2&#8243; _address=&#8221;0.3.1.2&#8243;]Var\u00f3n de 32 a\u00f1os, en el \u00faltimo semestre de su educaci\u00f3n superior tuvo problemas tan graves relacionados con el estr\u00e9s que no pudo salir de su casa durante dos a\u00f1os. El da\u00f1o neurol\u00f3gico y la p\u00e9rdida de memoria fueron algunos de los s\u00edntomas. No ten\u00eda experiencia previa en jardiner\u00eda ni permacultura.[\/et_pb_text][\/et_pb_column][et_pb_column type=&#8221;1_3&#8243; _builder_version=&#8221;3.25&#8243; custom_padding=&#8221;|||&#8221; _i=&#8221;2&#8243; _address=&#8221;0.3.2&#8243; custom_padding__hover=&#8221;|||&#8221;][\/et_pb_column][\/et_pb_row][\/et_pb_section]<\/p>\n","protected":false},"excerpt":{"rendered":"<p>[et_pb_section fb_built=&#8221;1&#8243; admin_label=&#8221;section&#8221; _builder_version=&#8221;3.29.3&#8243; _dynamic_attributes=&#8221;link_option_url&#8221; custom_margin=&#8221;|||-2px||&#8221; link_option_url=&#8221;@ET-DC@eyJkeW5hbWljIjp0cnVlLCJjb250ZW50IjoicG9zdF9saW5rX3VybF9hdHRhY2htZW50Iiwic2V0dGluZ3MiOnsicG9zdF9pZCI6IjM0NDEifX0=@&#8221; link_option_url_new_window=&#8221;on&#8221; fb_built=&#8221;1&#8243; _i=&#8221;0&#8243; _address=&#8221;0&#8243;][et_pb_row column_structure=&#8221;1_3,1_3,1_3&#8243; admin_label=&#8221;row&#8221; _builder_version=&#8221;3.25&#8243; background_size=&#8221;initial&#8221; background_position=&#8221;top_left&#8221; background_repeat=&#8221;repeat&#8221; _i=&#8221;0&#8243; _address=&#8221;0.0&#8243;][et_pb_column type=&#8221;1_3&#8243; _builder_version=&#8221;3.25&#8243; custom_padding=&#8221;|||&#8221; _i=&#8221;0&#8243; _address=&#8221;0.0.0&#8243; custom_padding__hover=&#8221;|||&#8221;][et_pb_image src=&#8221;http:\/\/www.permind.eu\/learningplatform\/wp-content\/uploads\/2019\/10\/panel-solar.png&#8221; url_new_window=&#8221;on&#8221; _builder_version=&#8221;3.29.3&#8243; hover_enabled=&#8221;0&#8243; _i=&#8221;0&#8243; _address=&#8221;0.0.0.0&#8243; url=&#8221;http:\/\/www.permind.eu\/learningplatform\/wp-content\/uploads\/2019\/11\/Estudio-de-caso-en-proceso.pdf&#8221;][\/et_pb_image][et_pb_text _builder_version=&#8221;3.29.3&#8243; hover_enabled=&#8221;0&#8243; _i=&#8221;1&#8243; _address=&#8221;0.0.0.1&#8243;] En proceso [\/et_pb_text][et_pb_text _builder_version=&#8221;3.29.3&#8243; _i=&#8221;2&#8243; _address=&#8221;0.0.0.2&#8243;]G tuvo una depresi\u00f3n severa. Es una persona muy aut\u00f3noma y tuvo diferentes trabajos [&hellip;]<\/p>\n","protected":false},"author":4,"featured_media":0,"parent":0,"menu_order":0,"comment_status":"closed","ping_status":"closed","template":"","meta":{"_et_pb_use_builder":"on","_et_pb_old_content":"","footnotes":""},"_links":{"self":[{"href":"https:\/\/www.permind.eu\/learningplatform\/wp-json\/wp\/v2\/pages\/4143"}],"collection":[{"href":"https:\/\/www.permind.eu\/learningplatform\/wp-json\/wp\/v2\/pages"}],"about":[{"href":"https:\/\/www.permind.eu\/learningplatform\/wp-json\/wp\/v2\/types\/page"}],"author":[{"embeddable":true,"href":"https:\/\/www.permind.eu\/learningplatform\/wp-json\/wp\/v2\/users\/4"}],"replies":[{"embeddable":true,"href":"https:\/\/www.permind.eu\/learningplatform\/wp-json\/wp\/v2\/comments?post=4143"}],"version-history":[{"count":3,"href":"https:\/\/www.permind.eu\/learningplatform\/wp-json\/wp\/v2\/pages\/4143\/revisions"}],"predecessor-version":[{"id":4146,"href":"https:\/\/www.permind.eu\/learningplatform\/wp-json\/wp\/v2\/pages\/4143\/revisions\/4146"}],"wp:attachment":[{"href":"https:\/\/www.permind.eu\/learningplatform\/wp-json\/wp\/v2\/media?parent=4143"}],"curies":[{"name":"wp","href":"https:\/\/api.w.org\/{rel}","templated":true}]}}