{"id":4429,"date":"2019-11-14T13:33:41","date_gmt":"2019-11-14T12:33:41","guid":{"rendered":"http:\/\/www.permind.eu\/learningplatform\/fallstudier\/"},"modified":"2019-11-14T13:33:45","modified_gmt":"2019-11-14T12:33:45","slug":"fallstudier","status":"publish","type":"page","link":"https:\/\/www.permind.eu\/learningplatform\/fallstudier\/?lang=sv","title":{"rendered":"Fallstudier"},"content":{"rendered":"<p>[et_pb_section fb_built=&#8221;1&#8243; admin_label=&#8221;section&#8221; _builder_version=&#8221;3.29.3&#8243; _dynamic_attributes=&#8221;link_option_url&#8221; custom_margin=&#8221;|||-2px||&#8221; link_option_url=&#8221;@ET-DC@eyJkeW5hbWljIjp0cnVlLCJjb250ZW50IjoicG9zdF9saW5rX3VybF9hdHRhY2htZW50Iiwic2V0dGluZ3MiOnsicG9zdF9pZCI6IjM0NDEifX0=@&#8221; link_option_url_new_window=&#8221;on&#8221; fb_built=&#8221;1&#8243; _i=&#8221;0&#8243; _address=&#8221;0&#8243;][et_pb_row column_structure=&#8221;1_3,1_3,1_3&#8243; admin_label=&#8221;row&#8221; _builder_version=&#8221;3.25&#8243; background_size=&#8221;initial&#8221; background_position=&#8221;top_left&#8221; background_repeat=&#8221;repeat&#8221; _i=&#8221;0&#8243; _address=&#8221;0.0&#8243;][et_pb_column type=&#8221;1_3&#8243; _builder_version=&#8221;3.25&#8243; custom_padding=&#8221;|||&#8221; _i=&#8221;0&#8243; _address=&#8221;0.0.0&#8243; custom_padding__hover=&#8221;|||&#8221;][et_pb_image src=&#8221;http:\/\/www.permind.eu\/learningplatform\/wp-content\/uploads\/2019\/10\/panel-solar.png&#8221; url_new_window=&#8221;on&#8221; _builder_version=&#8221;3.29.3&#8243; hover_enabled=&#8221;0&#8243; _i=&#8221;0&#8243; _address=&#8221;0.0.0.0&#8243; url=&#8221;http:\/\/www.permind.eu\/learningplatform\/wp-content\/uploads\/2019\/11\/Case-Study-In-Process_SWE.pdf&#8221;][\/et_pb_image][et_pb_text _builder_version=&#8221;3.29.3&#8243; hover_enabled=&#8221;0&#8243; _i=&#8221;1&#8243; _address=&#8221;0.0.0.1&#8243;]<\/p>\n<h2 style=\"text-align: center;\"><span style=\"color: #b3bf00;\"><strong>P\u00e5g\u00e5ende<\/strong><\/span><\/h2>\n<p>[\/et_pb_text][et_pb_text _builder_version=&#8221;3.29.3&#8243; _i=&#8221;2&#8243; _address=&#8221;0.0.0.2&#8243;]G hade en sv\u00e5r depression. Han \u00e4r en mycket autonom person och hade olika jobb f\u00f6re och under Permind. Han beh\u00f6vde terapi.[\/et_pb_text][\/et_pb_column][et_pb_column type=&#8221;1_3&#8243; _builder_version=&#8221;3.25&#8243; custom_padding=&#8221;|||&#8221; _i=&#8221;1&#8243; _address=&#8221;0.0.1&#8243; custom_padding__hover=&#8221;|||&#8221;][et_pb_image src=&#8221;http:\/\/www.permind.eu\/learningplatform\/wp-content\/uploads\/2019\/10\/Prueba2-300_150.png&#8221; url=&#8221;http:\/\/www.permind.eu\/learningplatform\/wp-content\/uploads\/2019\/11\/Case-Study-Love-for-Learning_SWE.pdf&#8221; url_new_window=&#8221;on&#8221; align=&#8221;center&#8221; _builder_version=&#8221;3.29.3&#8243; hover_enabled=&#8221;0&#8243; _i=&#8221;0&#8243; _address=&#8221;0.0.1.0&#8243;][\/et_pb_image][et_pb_text _builder_version=&#8221;3.29.3&#8243; hover_enabled=&#8221;0&#8243; _i=&#8221;1&#8243; _address=&#8221;0.0.1.1&#8243;]<\/p>\n<h2 style=\"text-align: center;\"><span style=\"color: #b3bf00;\"><strong>K\u00e4rlek till l\u00e4rande<\/strong><\/span><\/h2>\n<p>[\/et_pb_text][et_pb_text _builder_version=&#8221;3.29.3&#8243; _i=&#8221;2&#8243; _address=&#8221;0.0.1.2&#8243;]J. arbetade redan i frukttr\u00e4dg\u00e5rdar innan Permind, han \u00e4r en ung pojke med inl\u00e4rningssv\u00e5righeter men \u00e4nd\u00e5 \u00e4lskar han att l\u00e4ra sig nya saker. Han hade n\u00e5gra sv\u00e5righeter att arbeta i ett team. Nu \u00e4r han teamarbetare.[\/et_pb_text][\/et_pb_column][et_pb_column type=&#8221;1_3&#8243; _builder_version=&#8221;3.25&#8243; custom_padding=&#8221;|||&#8221; _i=&#8221;2&#8243; _address=&#8221;0.0.2&#8243; custom_padding__hover=&#8221;|||&#8221;][et_pb_image src=&#8221;http:\/\/www.permind.eu\/learningplatform\/wp-content\/uploads\/2019\/10\/abono.png&#8221; url=&#8221;http:\/\/www.permind.eu\/learningplatform\/wp-content\/uploads\/2019\/11\/Case-Study-MarkoMB_SWE.pdf&#8221; url_new_window=&#8221;on&#8221; align=&#8221;center&#8221; _builder_version=&#8221;3.29.3&#8243; hover_enabled=&#8221;0&#8243; _i=&#8221;0&#8243; _address=&#8221;0.0.2.0&#8243;][\/et_pb_image][et_pb_text _builder_version=&#8221;3.29.3&#8243; hover_enabled=&#8221;0&#8243; _i=&#8221;1&#8243; _address=&#8221;0.0.2.1&#8243;]<\/p>\n<h2 style=\"text-align: center;\"><span style=\"color: #b3bf00;\">Marko<\/span><\/h2>\n<p>[\/et_pb_text][et_pb_text _builder_version=&#8221;3.29.3&#8243; _i=&#8221;2&#8243; _address=&#8221;0.0.2.2&#8243;]Marko \u00e4r pensionerad. Han \u00e4r orolig inte bara av sin erfarenhet av psykisk sjukdom utan ocks\u00e5 av brist p\u00e5 syfte. Som pensionerad person p\u00e5 en invalidpension \u00e4r hans fr\u00e5gor delvis ett resultat av att &#8220;inte har n\u00e5got att g\u00f6ra&#8221;, som han uttrycker det. Han hade litet intresse f\u00f6r tr\u00e4dg\u00e5rdssk\u00f6tsel eller permakultur.[\/et_pb_text][\/et_pb_column][\/et_pb_row][et_pb_row column_structure=&#8221;1_3,1_3,1_3&#8243; admin_label=&#8221;row&#8221; _builder_version=&#8221;3.25&#8243; background_size=&#8221;initial&#8221; background_position=&#8221;top_left&#8221; background_repeat=&#8221;repeat&#8221; _i=&#8221;1&#8243; _address=&#8221;0.1&#8243;][et_pb_column type=&#8221;1_3&#8243; _builder_version=&#8221;3.25&#8243; custom_padding=&#8221;|||&#8221; _i=&#8221;0&#8243; _address=&#8221;0.1.0&#8243; custom_padding__hover=&#8221;|||&#8221;][et_pb_image src=&#8221;http:\/\/www.permind.eu\/learningplatform\/wp-content\/uploads\/2019\/10\/pimiento-1.png&#8221; url=&#8221;http:\/\/www.permind.eu\/learningplatform\/wp-content\/uploads\/2019\/11\/Case-Study-Overcoming-Fear_SWE.pdf&#8221; url_new_window=&#8221;on&#8221; _builder_version=&#8221;3.29.3&#8243; hover_enabled=&#8221;0&#8243; _i=&#8221;0&#8243; _address=&#8221;0.1.0.0&#8243;][\/et_pb_image][et_pb_text _builder_version=&#8221;3.29.3&#8243; hover_enabled=&#8221;0&#8243; _i=&#8221;1&#8243; _address=&#8221;0.1.0.1&#8243;]<\/p>\n<h2 style=\"text-align: center;\"><span style=\"color: #b3bf00;\"><strong>Att \u00f6vervinna r\u00e4dsla<\/strong><\/span><\/h2>\n<p>[\/et_pb_text][et_pb_text _builder_version=&#8221;3.29.3&#8243; _i=&#8221;2&#8243; _address=&#8221;0.1.0.2&#8243;]R. \u00e4r f\u00f6r 38 \u00e5r sedan med en sv\u00e5r depression och panik f\u00f6r att komma ut p\u00e5 gatan och prata med m\u00e4nniskor. R: s liv hade f\u00f6r\u00e4ndrats fullst\u00e4ndigt efter PERMIND.[\/et_pb_text][\/et_pb_column][et_pb_column type=&#8221;1_3&#8243; _builder_version=&#8221;3.25&#8243; custom_padding=&#8221;|||&#8221; _i=&#8221;1&#8243; _address=&#8221;0.1.1&#8243; custom_padding__hover=&#8221;|||&#8221;][et_pb_image src=&#8221;http:\/\/www.permind.eu\/learningplatform\/wp-content\/uploads\/2019\/10\/pala.png&#8221; url=&#8221;http:\/\/www.permind.eu\/learningplatform\/wp-content\/uploads\/2019\/11\/Case-Study-Manuel_SWE.pdf&#8221; url_new_window=&#8221;on&#8221; align=&#8221;center&#8221; _builder_version=&#8221;3.29.3&#8243; hover_enabled=&#8221;0&#8243; _i=&#8221;0&#8243; _address=&#8221;0.1.1.0&#8243;][\/et_pb_image][et_pb_text _builder_version=&#8221;3.29.3&#8243; hover_enabled=&#8221;0&#8243; _i=&#8221;1&#8243; _address=&#8221;0.1.1.1&#8243;]<\/p>\n<h2 style=\"text-align: center;\"><span style=\"color: #b3bf00;\"><strong>Konverteraren<\/strong><\/span><\/h2>\n<p>[\/et_pb_text][et_pb_text _builder_version=&#8221;3.29.3&#8243; _i=&#8221;2&#8243; _address=&#8221;0.1.1.2&#8243;]M. \u00e4r pensionerad. Han \u00e4r f\u00f6dd och uppvuxen p\u00e5 landsbygden och p\u00e5 en g\u00e5rd. Jag brukade vara bonde och jag trodde att jag redan visste allt om jordbruksfr\u00e5gor. PERMIND \u00e4ndrade sig.[\/et_pb_text][\/et_pb_column][et_pb_column type=&#8221;1_3&#8243; _builder_version=&#8221;3.25&#8243; custom_padding=&#8221;|||&#8221; _i=&#8221;2&#8243; _address=&#8221;0.1.2&#8243; custom_padding__hover=&#8221;|||&#8221;][et_pb_image src=&#8221;http:\/\/www.permind.eu\/learningplatform\/wp-content\/uploads\/2019\/10\/raiz.png&#8221; url=&#8221;http:\/\/www.permind.eu\/learningplatform\/wp-content\/uploads\/2019\/11\/Case-Study-Mariano_SWE.pdf&#8221; url_new_window=&#8221;on&#8221; align=&#8221;center&#8221; _builder_version=&#8221;3.29.3&#8243; hover_enabled=&#8221;0&#8243; _i=&#8221;0&#8243; _address=&#8221;0.1.2.0&#8243;][\/et_pb_image][et_pb_text _builder_version=&#8221;3.29.3&#8243; hover_enabled=&#8221;0&#8243; _i=&#8221;1&#8243; _address=&#8221;0.1.2.1&#8243;]<\/p>\n<h2 style=\"text-align: center;\"><span style=\"color: #b3bf00;\"><strong>Monitorn <\/strong><\/span><\/h2>\n<p>[\/et_pb_text][et_pb_text _builder_version=&#8221;3.29.3&#8243; _i=&#8221;2&#8243; _address=&#8221;0.1.2.2&#8243;]<\/p>\n<p style=\"text-align: justify;\">Han trodde att det var mer \u00e4n l\u00e4rande, men han f\u00f6rv\u00e4ntade sig inte att permakultur skulle vara ett verkligt alternativ till traditionellt eller ekologiskt jordbruk.<\/p>\n<p>[\/et_pb_text][\/et_pb_column][\/et_pb_row][et_pb_row column_structure=&#8221;1_3,1_3,1_3&#8243; admin_label=&#8221;row&#8221; _builder_version=&#8221;3.25&#8243; background_size=&#8221;initial&#8221; background_position=&#8221;top_left&#8221; background_repeat=&#8221;repeat&#8221; _i=&#8221;2&#8243; _address=&#8221;0.2&#8243;][et_pb_column type=&#8221;1_3&#8243; _builder_version=&#8221;3.25&#8243; custom_padding=&#8221;|||&#8221; _i=&#8221;0&#8243; _address=&#8221;0.2.0&#8243; custom_padding__hover=&#8221;|||&#8221;][et_pb_image src=&#8221;http:\/\/www.permind.eu\/learningplatform\/wp-content\/uploads\/2019\/10\/probeta.png&#8221; url=&#8221;http:\/\/www.permind.eu\/learningplatform\/wp-content\/uploads\/2019\/11\/Case-Study-\u0160kofja-Loka_SWE.pdf&#8221; url_new_window=&#8221;on&#8221; _builder_version=&#8221;3.29.3&#8243; hover_enabled=&#8221;0&#8243; _i=&#8221;0&#8243; _address=&#8221;0.2.0.0&#8243;][\/et_pb_image][et_pb_text _builder_version=&#8221;3.29.3&#8243; hover_enabled=&#8221;0&#8243; _i=&#8221;1&#8243; _address=&#8221;0.2.0.1&#8243;]<\/p>\n<h2 style=\"text-align: center;\"><span style=\"color: #b3bf00;\"><strong>Upplev i \u0160kofja Loka \/ A dagscenter<\/strong><\/span><\/h2>\n<p>[\/et_pb_text][et_pb_text _builder_version=&#8221;3.29.3&#8243; custom_padding=&#8221;||0px|||&#8221; _i=&#8221;2&#8243; _address=&#8221;0.2.0.2&#8243;]Personalen och anv\u00e4ndarna av \u0160kofja Lokas tj\u00e4nster hade ingen tidigare tr\u00e4dg\u00e5rd och bara tv\u00e5 av dem hade tidigare tr\u00e4dg\u00e5rdsupplevelse. Dagcentret ligger i stadens centrum och har f\u00e5 m\u00f6jligheter att ut\u00f6va eller praktiskt arbete.[\/et_pb_text][\/et_pb_column][et_pb_column type=&#8221;1_3&#8243; _builder_version=&#8221;3.25&#8243; custom_padding=&#8221;|||&#8221; _i=&#8221;1&#8243; _address=&#8221;0.2.1&#8243; custom_padding__hover=&#8221;|||&#8221;][et_pb_image src=&#8221;http:\/\/www.permind.eu\/learningplatform\/wp-content\/uploads\/2019\/10\/zanahoria.png&#8221; url=&#8221;http:\/\/www.permind.eu\/learningplatform\/wp-content\/uploads\/2019\/11\/Case-Study_Noas_trainers_SWE.pdf&#8221; url_new_window=&#8221;on&#8221; align=&#8221;center&#8221; _builder_version=&#8221;3.29.3&#8243; hover_enabled=&#8221;0&#8243; _i=&#8221;0&#8243; _address=&#8221;0.2.1.0&#8243;][\/et_pb_image][et_pb_text _builder_version=&#8221;3.29.3&#8243; hover_enabled=&#8221;0&#8243; _i=&#8221;1&#8243; _address=&#8221;0.2.1.1&#8243;]<\/p>\n<h2 style=\"text-align: center;\"><span style=\"color: #b3bf00;\"><strong>Onsala tr\u00e4nare<\/strong><\/span><\/h2>\n<p>[\/et_pb_text][et_pb_text _builder_version=&#8221;3.29.3&#8243; custom_padding=&#8221;||0px|||&#8221; _i=&#8221;2&#8243; _address=&#8221;0.2.1.2&#8243;]<\/p>\n<p style=\"text-align: justify;\">Under flera \u00e5r har m\u00e4nniskor med psykiska h\u00e4lsoproblem kommit till Onsala f\u00f6r att f\u00e5 rehabilitering och ingripanden med hj\u00e4lp av natur och djur. De flesta har problem relaterade till stress eller av andra sk\u00e4l har inte kunnat arbeta p\u00e5 kort eller l\u00e4ngre tid<\/p>\n<p>[\/et_pb_text][\/et_pb_column][et_pb_column type=&#8221;1_3&#8243; _builder_version=&#8221;3.25&#8243; custom_padding=&#8221;|||&#8221; _i=&#8221;2&#8243; _address=&#8221;0.2.2&#8243; custom_padding__hover=&#8221;|||&#8221;][et_pb_image src=&#8221;http:\/\/www.permind.eu\/learningplatform\/wp-content\/uploads\/2019\/10\/riego.png&#8221; url=&#8221;http:\/\/www.permind.eu\/learningplatform\/wp-content\/uploads\/2019\/11\/Case-Study-Ljubljana_SWE.pdf&#8221; url_new_window=&#8221;on&#8221; align=&#8221;center&#8221; _builder_version=&#8221;3.29.3&#8243; hover_enabled=&#8221;0&#8243; _i=&#8221;0&#8243; _address=&#8221;0.2.2.0&#8243;][\/et_pb_image][et_pb_text _builder_version=&#8221;3.29.3&#8243; hover_enabled=&#8221;0&#8243; _i=&#8221;1&#8243; _address=&#8221;0.2.2.1&#8243;]<\/p>\n<h2 style=\"text-align: center;\"><span style=\"color: #b3bf00;\">Ljubljana (Je\u017eica)<\/span><\/h2>\n<p>[\/et_pb_text][et_pb_text _builder_version=&#8221;3.29.3&#8243; custom_padding=&#8221;||0px|||&#8221; _i=&#8221;2&#8243; _address=&#8221;0.2.2.2&#8243;]Je\u017eica-gruppen \u00e4r ett hus d\u00e4r m\u00e4nniskor med psykiska h\u00e4lsoproblem lever autonomt, med veckom\u00f6ten av en mentor, som hj\u00e4lper dem med sina problem som att h\u00e5lla sig rena, \u00e4ta v\u00e4l, tr\u00e4na, kommunicera v\u00e4l och andra aspekter av livet.[\/et_pb_text][\/et_pb_column][\/et_pb_row][et_pb_row column_structure=&#8221;1_3,1_3,1_3&#8243; admin_label=&#8221;row&#8221; _builder_version=&#8221;3.25&#8243; background_size=&#8221;initial&#8221; background_position=&#8221;top_left&#8221; background_repeat=&#8221;repeat&#8221; _i=&#8221;3&#8243; _address=&#8221;0.3&#8243;][et_pb_column type=&#8221;1_3&#8243; _builder_version=&#8221;3.25&#8243; custom_padding=&#8221;|||&#8221; _i=&#8221;0&#8243; _address=&#8221;0.3.0&#8243; custom_padding__hover=&#8221;|||&#8221;][et_pb_image src=&#8221;http:\/\/www.permind.eu\/learningplatform\/wp-content\/uploads\/2019\/10\/granjero.png&#8221; url=&#8221;http:\/\/www.permind.eu\/learningplatform\/wp-content\/uploads\/2019\/11\/Case-Study-Santos_SWE.pdf&#8221; url_new_window=&#8221;on&#8221; _builder_version=&#8221;3.29.3&#8243; hover_enabled=&#8221;0&#8243; _i=&#8221;0&#8243; _address=&#8221;0.3.0.0&#8243;][\/et_pb_image][et_pb_text _builder_version=&#8221;3.29.3&#8243; hover_enabled=&#8221;0&#8243; _i=&#8221;1&#8243; _address=&#8221;0.3.0.1&#8243;]<\/p>\n<h2 style=\"text-align: center;\"><span style=\"color: #b3bf00;\"><strong>Den nya inst\u00e4llningen<\/strong><\/span><\/h2>\n<p>[\/et_pb_text][et_pb_text _builder_version=&#8221;3.29.3&#8243; custom_padding=&#8221;||0px|||&#8221; _i=&#8221;2&#8243; _address=&#8221;0.3.0.2&#8243;]S. var kopplad till landsbygden eftersom han bodde d\u00e4r, och \u00e4ven med tr\u00e4dg\u00e5rdssk\u00f6tsel. Han k\u00e4nde redan ekologiskt jordbruk n\u00e4r jag b\u00f6rjade kursen. PERMIND har skapat en 180 \u00b0 f\u00f6r\u00e4ndring i S attityd till livet i allm\u00e4nhet.[\/et_pb_text][\/et_pb_column][et_pb_column type=&#8221;1_3&#8243; _builder_version=&#8221;3.25&#8243; custom_padding=&#8221;|||&#8221; _i=&#8221;1&#8243; _address=&#8221;0.3.1&#8243; custom_padding__hover=&#8221;|||&#8221;][et_pb_image src=&#8221;http:\/\/www.permind.eu\/learningplatform\/wp-content\/uploads\/2019\/10\/Prueba-300_150-1.png&#8221; url=&#8221;http:\/\/www.permind.eu\/learningplatform\/wp-content\/uploads\/2019\/11\/Case-Study-Template_participant_SWE.pdf&#8221; url_new_window=&#8221;on&#8221; align=&#8221;center&#8221; _builder_version=&#8221;3.29.3&#8243; hover_enabled=&#8221;0&#8243; _i=&#8221;0&#8243; _address=&#8221;0.3.1.0&#8243;][\/et_pb_image][et_pb_text _builder_version=&#8221;3.29.3&#8243; hover_enabled=&#8221;0&#8243; _i=&#8221;1&#8243; _address=&#8221;0.3.1.1&#8243;]<\/p>\n<h2 style=\"text-align: center;\"><span style=\"color: #b3bf00;\"><strong>Att komma hem<\/strong> <\/span><\/h2>\n<p>[\/et_pb_text][et_pb_text _builder_version=&#8221;3.29.3&#8243; custom_padding=&#8221;||0px|||&#8221; _i=&#8221;2&#8243; _address=&#8221;0.3.1.2&#8243;]Han, 32 \u00e5r, under den sista terminen av sin h\u00f6gre utbildning fick han s\u00e5 allvarliga stressrelaterade problem att han inte kunde l\u00e4mna sitt hem i tv\u00e5 \u00e5r. Neurologiska skador och minnesf\u00f6rlust var ett par av symtomen. Jag hade ingen tidigare erfarenhet av tr\u00e4dg\u00e5rdssk\u00f6tsel eller permakultur.[\/et_pb_text][\/et_pb_column][et_pb_column type=&#8221;1_3&#8243; _builder_version=&#8221;3.25&#8243; custom_padding=&#8221;|||&#8221; _i=&#8221;2&#8243; _address=&#8221;0.3.2&#8243; custom_padding__hover=&#8221;|||&#8221;][\/et_pb_column][\/et_pb_row][\/et_pb_section]<\/p>\n","protected":false},"excerpt":{"rendered":"<p>[et_pb_section fb_built=&#8221;1&#8243; admin_label=&#8221;section&#8221; _builder_version=&#8221;3.29.3&#8243; _dynamic_attributes=&#8221;link_option_url&#8221; custom_margin=&#8221;|||-2px||&#8221; link_option_url=&#8221;@ET-DC@eyJkeW5hbWljIjp0cnVlLCJjb250ZW50IjoicG9zdF9saW5rX3VybF9hdHRhY2htZW50Iiwic2V0dGluZ3MiOnsicG9zdF9pZCI6IjM0NDEifX0=@&#8221; link_option_url_new_window=&#8221;on&#8221; fb_built=&#8221;1&#8243; _i=&#8221;0&#8243; _address=&#8221;0&#8243;][et_pb_row column_structure=&#8221;1_3,1_3,1_3&#8243; admin_label=&#8221;row&#8221; _builder_version=&#8221;3.25&#8243; background_size=&#8221;initial&#8221; background_position=&#8221;top_left&#8221; background_repeat=&#8221;repeat&#8221; _i=&#8221;0&#8243; _address=&#8221;0.0&#8243;][et_pb_column type=&#8221;1_3&#8243; _builder_version=&#8221;3.25&#8243; custom_padding=&#8221;|||&#8221; _i=&#8221;0&#8243; _address=&#8221;0.0.0&#8243; custom_padding__hover=&#8221;|||&#8221;][et_pb_image src=&#8221;http:\/\/www.permind.eu\/learningplatform\/wp-content\/uploads\/2019\/10\/panel-solar.png&#8221; url_new_window=&#8221;on&#8221; _builder_version=&#8221;3.29.3&#8243; hover_enabled=&#8221;0&#8243; _i=&#8221;0&#8243; _address=&#8221;0.0.0.0&#8243; url=&#8221;http:\/\/www.permind.eu\/learningplatform\/wp-content\/uploads\/2019\/11\/Case-Study-In-Process_SWE.pdf&#8221;][\/et_pb_image][et_pb_text _builder_version=&#8221;3.29.3&#8243; hover_enabled=&#8221;0&#8243; _i=&#8221;1&#8243; _address=&#8221;0.0.0.1&#8243;] P\u00e5g\u00e5ende [\/et_pb_text][et_pb_text _builder_version=&#8221;3.29.3&#8243; _i=&#8221;2&#8243; _address=&#8221;0.0.0.2&#8243;]G hade en sv\u00e5r depression. Han \u00e4r en mycket autonom person och hade olika jobb [&hellip;]<\/p>\n","protected":false},"author":4,"featured_media":0,"parent":0,"menu_order":0,"comment_status":"closed","ping_status":"closed","template":"","meta":{"_et_pb_use_builder":"on","_et_pb_old_content":"","footnotes":""},"_links":{"self":[{"href":"https:\/\/www.permind.eu\/learningplatform\/wp-json\/wp\/v2\/pages\/4429"}],"collection":[{"href":"https:\/\/www.permind.eu\/learningplatform\/wp-json\/wp\/v2\/pages"}],"about":[{"href":"https:\/\/www.permind.eu\/learningplatform\/wp-json\/wp\/v2\/types\/page"}],"author":[{"embeddable":true,"href":"https:\/\/www.permind.eu\/learningplatform\/wp-json\/wp\/v2\/users\/4"}],"replies":[{"embeddable":true,"href":"https:\/\/www.permind.eu\/learningplatform\/wp-json\/wp\/v2\/comments?post=4429"}],"version-history":[{"count":3,"href":"https:\/\/www.permind.eu\/learningplatform\/wp-json\/wp\/v2\/pages\/4429\/revisions"}],"predecessor-version":[{"id":4432,"href":"https:\/\/www.permind.eu\/learningplatform\/wp-json\/wp\/v2\/pages\/4429\/revisions\/4432"}],"wp:attachment":[{"href":"https:\/\/www.permind.eu\/learningplatform\/wp-json\/wp\/v2\/media?parent=4429"}],"curies":[{"name":"wp","href":"https:\/\/api.w.org\/{rel}","templated":true}]}}