{"id":4615,"date":"2019-11-15T10:23:25","date_gmt":"2019-11-15T09:23:25","guid":{"rendered":"http:\/\/www.permind.eu\/learningplatform\/acronomys-tabell\/"},"modified":"2019-11-15T10:23:25","modified_gmt":"2019-11-15T09:23:25","slug":"acronomys-tabell","status":"publish","type":"page","link":"https:\/\/www.permind.eu\/learningplatform\/acronomys-tabell\/?lang=sv","title":{"rendered":"Acronomys tabell"},"content":{"rendered":"<p>ADP: f\u00f6reningen f\u00f6r utveckling av permakultur.<\/p>\n<p>CEE: Special Employment Center <em>Finca El Mato<\/em> permacultura.<\/p>\n<p>CEIP: f\u00f6r skola och grundskola.<\/p>\n<p>CIRPAC: \u00d6r\u00e5det f\u00f6r psykosocial rehabilitering och gemenskaps\u00e5tg\u00e4rder.<\/p>\n<p>CIULL: tv\u00e4rvetenskapligt jaga av universitetar av La Laguna.<\/p>\n<p>CTULL: tv\u00e4rvetenskaplig kurs vid universitetet i La Laguna.<\/p>\n<p>FEMT: <em>El Mato Tinto<\/em> g\u00e5rd.<\/p>\n<p>IASS: Insular Institutet f\u00f6r social och socio-h\u00e4lsov\u00e5rd av Teneriffa.<\/p>\n<p>ULL: universitetet i La Laguna.<\/p>\n","protected":false},"excerpt":{"rendered":"<p>ADP: f\u00f6reningen f\u00f6r utveckling av permakultur. CEE: Special Employment Center Finca El Mato permacultura. CEIP: f\u00f6r skola och grundskola. CIRPAC: \u00d6r\u00e5det f\u00f6r psykosocial rehabilitering och gemenskaps\u00e5tg\u00e4rder. CIULL: tv\u00e4rvetenskapligt jaga av universitetar av La Laguna. CTULL: tv\u00e4rvetenskaplig kurs vid universitetet i La Laguna. FEMT: El Mato Tinto g\u00e5rd. IASS: Insular Institutet f\u00f6r social och socio-h\u00e4lsov\u00e5rd av [&hellip;]<\/p>\n","protected":false},"author":4,"featured_media":0,"parent":0,"menu_order":0,"comment_status":"closed","ping_status":"closed","template":"","meta":{"_et_pb_use_builder":"","_et_pb_old_content":"","footnotes":""},"_links":{"self":[{"href":"https:\/\/www.permind.eu\/learningplatform\/wp-json\/wp\/v2\/pages\/4615"}],"collection":[{"href":"https:\/\/www.permind.eu\/learningplatform\/wp-json\/wp\/v2\/pages"}],"about":[{"href":"https:\/\/www.permind.eu\/learningplatform\/wp-json\/wp\/v2\/types\/page"}],"author":[{"embeddable":true,"href":"https:\/\/www.permind.eu\/learningplatform\/wp-json\/wp\/v2\/users\/4"}],"replies":[{"embeddable":true,"href":"https:\/\/www.permind.eu\/learningplatform\/wp-json\/wp\/v2\/comments?post=4615"}],"version-history":[{"count":0,"href":"https:\/\/www.permind.eu\/learningplatform\/wp-json\/wp\/v2\/pages\/4615\/revisions"}],"wp:attachment":[{"href":"https:\/\/www.permind.eu\/learningplatform\/wp-json\/wp\/v2\/media?parent=4615"}],"curies":[{"name":"wp","href":"https:\/\/api.w.org\/{rel}","templated":true}]}}