{"id":4791,"date":"2019-11-16T11:33:44","date_gmt":"2019-11-16T10:33:44","guid":{"rendered":"http:\/\/www.permind.eu\/learningplatform\/tabla-de-acronimos\/"},"modified":"2019-11-16T11:33:44","modified_gmt":"2019-11-16T10:33:44","slug":"tabla-de-acronimos","status":"publish","type":"page","link":"https:\/\/www.permind.eu\/learningplatform\/tabla-de-acronimos\/?lang=es","title":{"rendered":"TABLA DE ACR\u00d3NIMOS"},"content":{"rendered":"<p>ADP: Asociaci\u00f3n para el Desarrollo de la Permacultura<\/p>\n<p>CEE-FEMP: Centro Especial de Empleo Finca El Mato Permacultura<\/p>\n<p>CEIP: Colegio de Educaci\u00f3n Infantil y Primaria<\/p>\n<p><em>CIRPAC<\/em>: Consejo Insular de Rehabilitaci\u00f3n Psicosocial y Acci\u00f3n Comunitaria<\/p>\n<p>CIULL: Curso Interdisciplinar de la Universidad de La Laguna<\/p>\n<p>CTULL: Curso Transdisciplinar de la Universidad de La Laguna<\/p>\n<p>FEMT: Finca El Mato Tinto<\/p>\n<p>IASS: Instituto Insular de Atenci\u00f3n Social y Sociosanitaria<\/p>\n<p>PIRP: Plan Insular de Rehabilitaci\u00f3n Psicosocial<\/p>\n<p>ULL: Universidad de La Laguna<\/p>\n","protected":false},"excerpt":{"rendered":"<p>ADP: Asociaci\u00f3n para el Desarrollo de la Permacultura CEE-FEMP: Centro Especial de Empleo Finca El Mato Permacultura CEIP: Colegio de Educaci\u00f3n Infantil y Primaria CIRPAC: Consejo Insular de Rehabilitaci\u00f3n Psicosocial y Acci\u00f3n Comunitaria CIULL: Curso Interdisciplinar de la Universidad de La Laguna CTULL: Curso Transdisciplinar de la Universidad de La Laguna FEMT: Finca El Mato [&hellip;]<\/p>\n","protected":false},"author":4,"featured_media":0,"parent":0,"menu_order":0,"comment_status":"closed","ping_status":"closed","template":"","meta":{"_et_pb_use_builder":"","_et_pb_old_content":"","footnotes":""},"_links":{"self":[{"href":"https:\/\/www.permind.eu\/learningplatform\/wp-json\/wp\/v2\/pages\/4791"}],"collection":[{"href":"https:\/\/www.permind.eu\/learningplatform\/wp-json\/wp\/v2\/pages"}],"about":[{"href":"https:\/\/www.permind.eu\/learningplatform\/wp-json\/wp\/v2\/types\/page"}],"author":[{"embeddable":true,"href":"https:\/\/www.permind.eu\/learningplatform\/wp-json\/wp\/v2\/users\/4"}],"replies":[{"embeddable":true,"href":"https:\/\/www.permind.eu\/learningplatform\/wp-json\/wp\/v2\/comments?post=4791"}],"version-history":[{"count":0,"href":"https:\/\/www.permind.eu\/learningplatform\/wp-json\/wp\/v2\/pages\/4791\/revisions"}],"wp:attachment":[{"href":"https:\/\/www.permind.eu\/learningplatform\/wp-json\/wp\/v2\/media?parent=4791"}],"curies":[{"name":"wp","href":"https:\/\/api.w.org\/{rel}","templated":true}]}}