{"id":4807,"date":"2019-11-17T18:10:41","date_gmt":"2019-11-17T17:10:41","guid":{"rendered":"http:\/\/www.permind.eu\/learningplatform\/tutoriales\/"},"modified":"2019-11-17T18:10:42","modified_gmt":"2019-11-17T17:10:42","slug":"tutoriales","status":"publish","type":"page","link":"https:\/\/www.permind.eu\/learningplatform\/tutoriales\/?lang=es","title":{"rendered":"Tutoriales"},"content":{"rendered":"<p>[et_pb_section fb_built=&#8221;1&#8243; _builder_version=&#8221;3.29.3&#8243; fb_built=&#8221;1&#8243; _i=&#8221;0&#8243; _address=&#8221;0&#8243;][et_pb_row _builder_version=&#8221;3.29.3&#8243; _i=&#8221;0&#8243; _address=&#8221;0.0&#8243;][et_pb_column type=&#8221;4_4&#8243; _builder_version=&#8221;3.29.3&#8243; _i=&#8221;0&#8243; _address=&#8221;0.0.0&#8243;][et_pb_text admin_label=&#8221;Text&#8221; _builder_version=&#8221;3.29.3&#8243; _i=&#8221;0&#8243; _address=&#8221;0.0.0.0&#8243;]<\/p>\n<h3><span style=\"color: #b3bf00;\">Unidad Did\u00e1ctica I.- PERMACULTURA COMO TERAPIA<\/span><\/h3>\n<p>[\/et_pb_text][et_pb_video thumbnail_overlay_color=&#8221;rgba(0,0,0,0.6)&#8221; _builder_version=&#8221;3.29.3&#8243; hover_enabled=&#8221;0&#8243; src__hover_enabled=&#8221;off|desktop&#8221; _i=&#8221;1&#8243; _address=&#8221;0.0.0.1&#8243; src=&#8221;https:\/\/www.youtube.com\/playlist?list=PL4LGgElXjBEdQ6Gys2RThmqyostGtbGAc&#8221;][\/et_pb_video][et_pb_text admin_label=&#8221;Text&#8221; _builder_version=&#8221;3.29.3&#8243; hover_enabled=&#8221;0&#8243; _i=&#8221;0&#8243; _address=&#8221;0.0.0.0&#8243;]<\/p>\n<h3><span style=\"color: #b3bf00;\">Unidad Did\u00e1ctica II.- DISE\u00d1ANDO EL LUGAR<\/span><\/h3>\n<p>[\/et_pb_text][et_pb_video _builder_version=&#8221;3.29.3&#8243; src=&#8221;https:\/\/www.youtube.com\/playlist?list=PL4LGgElXjBEf4WLlC_HQMAt3CUg6HpvLl&#8221; hover_enabled=&#8221;0&#8243;][\/et_pb_video][et_pb_text admin_label=&#8221;Text&#8221; _builder_version=&#8221;3.29.3&#8243; hover_enabled=&#8221;0&#8243; _i=&#8221;0&#8243; _address=&#8221;0.0.0.0&#8243;]<\/p>\n<h3>Unidad Did\u00e1ctica III.- DISE\u00d1ANDO NUESTRO JARD\u00cdN COMESTIBLE<\/h3>\n<p>[\/et_pb_text][et_pb_video _builder_version=&#8221;3.29.3&#8243; src=&#8221;https:\/\/www.youtube.com\/playlist?list=PL4LGgElXjBEdwEHYejdd8_syQsEwPKMx1&#8243; hover_enabled=&#8221;0&#8243;][\/et_pb_video][et_pb_text admin_label=&#8221;Text&#8221; _builder_version=&#8221;3.29.3&#8243; hover_enabled=&#8221;0&#8243; _i=&#8221;0&#8243; _address=&#8221;0.0.0.0&#8243;]<\/p>\n<h3><span style=\"color: #b3bf00;\">Unidad Did\u00e1ctica IV.- BOSQUES JARDINES COMESTIBLES<\/span><\/h3>\n<p>[\/et_pb_text][et_pb_video _builder_version=&#8221;3.29.3&#8243; src=&#8221;https:\/\/www.youtube.com\/playlist?list=PL4LGgElXjBEcJPOlQlGy6gn2YzSRizKm6&#8243; hover_enabled=&#8221;0&#8243;][\/et_pb_video][et_pb_text admin_label=&#8221;Text&#8221; _builder_version=&#8221;3.29.3&#8243; hover_enabled=&#8221;0&#8243; _i=&#8221;0&#8243; _address=&#8221;0.0.0.0&#8243;]<\/p>\n<h3><span style=\"color: #b3bf00;\">Unidad Did\u00e1ctica V.- MANTENIMIENTO DE NUESTRO JARD\u00cdN COMESTIBLE<\/span><\/h3>\n<p>[\/et_pb_text][et_pb_video _builder_version=&#8221;3.29.3&#8243; src=&#8221;https:\/\/www.youtube.com\/playlist?list=PL4LGgElXjBEeqID19LzBmObLwrqM_EZLe&#8221; hover_enabled=&#8221;0&#8243;][\/et_pb_video][et_pb_text admin_label=&#8221;Text&#8221; _builder_version=&#8221;3.29.3&#8243; hover_enabled=&#8221;0&#8243; _i=&#8221;0&#8243; _address=&#8221;0.0.0.0&#8243;]<\/p>\n<h3><span style=\"color: #b3bf00;\">Unidad Did\u00e1ctica VI.- DE LA SEMILLA A LA RECOLECCI\u00d3N<\/span><\/h3>\n<p>[\/et_pb_text][et_pb_video _builder_version=&#8221;3.29.3&#8243; src=&#8221;https:\/\/www.youtube.com\/playlist?list=PL4LGgElXjBEdbdPghRqK_Wts1Fmk5jrVv&#8221; hover_enabled=&#8221;0&#8243;][\/et_pb_video][\/et_pb_column][\/et_pb_row][\/et_pb_section]<\/p>\n","protected":false},"excerpt":{"rendered":"<p>[et_pb_section fb_built=&#8221;1&#8243; _builder_version=&#8221;3.29.3&#8243; fb_built=&#8221;1&#8243; _i=&#8221;0&#8243; _address=&#8221;0&#8243;][et_pb_row _builder_version=&#8221;3.29.3&#8243; _i=&#8221;0&#8243; _address=&#8221;0.0&#8243;][et_pb_column type=&#8221;4_4&#8243; _builder_version=&#8221;3.29.3&#8243; _i=&#8221;0&#8243; _address=&#8221;0.0.0&#8243;][et_pb_text admin_label=&#8221;Text&#8221; _builder_version=&#8221;3.29.3&#8243; _i=&#8221;0&#8243; _address=&#8221;0.0.0.0&#8243;] Unidad Did\u00e1ctica I.- PERMACULTURA COMO TERAPIA [\/et_pb_text][et_pb_video thumbnail_overlay_color=&#8221;rgba(0,0,0,0.6)&#8221; _builder_version=&#8221;3.29.3&#8243; hover_enabled=&#8221;0&#8243; src__hover_enabled=&#8221;off|desktop&#8221; _i=&#8221;1&#8243; _address=&#8221;0.0.0.1&#8243; src=&#8221;https:\/\/www.youtube.com\/playlist?list=PL4LGgElXjBEdQ6Gys2RThmqyostGtbGAc&#8221;][\/et_pb_video][et_pb_text admin_label=&#8221;Text&#8221; _builder_version=&#8221;3.29.3&#8243; hover_enabled=&#8221;0&#8243; _i=&#8221;0&#8243; _address=&#8221;0.0.0.0&#8243;] Unidad Did\u00e1ctica II.- DISE\u00d1ANDO EL LUGAR [\/et_pb_text][et_pb_video _builder_version=&#8221;3.29.3&#8243; src=&#8221;https:\/\/www.youtube.com\/playlist?list=PL4LGgElXjBEf4WLlC_HQMAt3CUg6HpvLl&#8221; hover_enabled=&#8221;0&#8243;][\/et_pb_video][et_pb_text admin_label=&#8221;Text&#8221; _builder_version=&#8221;3.29.3&#8243; hover_enabled=&#8221;0&#8243; _i=&#8221;0&#8243; _address=&#8221;0.0.0.0&#8243;] Unidad Did\u00e1ctica III.- DISE\u00d1ANDO [&hellip;]<\/p>\n","protected":false},"author":4,"featured_media":0,"parent":0,"menu_order":0,"comment_status":"closed","ping_status":"closed","template":"","meta":{"_et_pb_use_builder":"on","_et_pb_old_content":"","footnotes":""},"_links":{"self":[{"href":"https:\/\/www.permind.eu\/learningplatform\/wp-json\/wp\/v2\/pages\/4807"}],"collection":[{"href":"https:\/\/www.permind.eu\/learningplatform\/wp-json\/wp\/v2\/pages"}],"about":[{"href":"https:\/\/www.permind.eu\/learningplatform\/wp-json\/wp\/v2\/types\/page"}],"author":[{"embeddable":true,"href":"https:\/\/www.permind.eu\/learningplatform\/wp-json\/wp\/v2\/users\/4"}],"replies":[{"embeddable":true,"href":"https:\/\/www.permind.eu\/learningplatform\/wp-json\/wp\/v2\/comments?post=4807"}],"version-history":[{"count":1,"href":"https:\/\/www.permind.eu\/learningplatform\/wp-json\/wp\/v2\/pages\/4807\/revisions"}],"predecessor-version":[{"id":4808,"href":"https:\/\/www.permind.eu\/learningplatform\/wp-json\/wp\/v2\/pages\/4807\/revisions\/4808"}],"wp:attachment":[{"href":"https:\/\/www.permind.eu\/learningplatform\/wp-json\/wp\/v2\/media?parent=4807"}],"curies":[{"name":"wp","href":"https:\/\/api.w.org\/{rel}","templated":true}]}}