{"id":4842,"date":"2019-11-18T09:35:11","date_gmt":"2019-11-18T08:35:11","guid":{"rendered":"http:\/\/www.permind.eu\/learningplatform\/epilogue-och-erkannande\/"},"modified":"2019-11-18T09:35:12","modified_gmt":"2019-11-18T08:35:12","slug":"epilogue-och-erkannande","status":"publish","type":"page","link":"https:\/\/www.permind.eu\/learningplatform\/epilogue-och-erkannande\/?lang=sv","title":{"rendered":"EPILOGUE OCH ERK\u00c4NNANDE"},"content":{"rendered":"<p>[et_pb_section bb_built=&#8221;1&#8243;][et_pb_row][et_pb_column type=&#8221;4_4&#8243;][et_pb_text _builder_version=&#8221;4.0.6&#8243; text_text_shadow_horizontal_length=&#8221;text_text_shadow_style,%91object Object%93&#8243; text_text_shadow_horizontal_length_tablet=&#8221;0px&#8221; text_text_shadow_vertical_length=&#8221;text_text_shadow_style,%91object Object%93&#8243; text_text_shadow_vertical_length_tablet=&#8221;0px&#8221; text_text_shadow_blur_strength=&#8221;text_text_shadow_style,%91object Object%93&#8243; text_text_shadow_blur_strength_tablet=&#8221;1px&#8221; link_text_shadow_horizontal_length=&#8221;link_text_shadow_style,%91object Object%93&#8243; link_text_shadow_horizontal_length_tablet=&#8221;0px&#8221; link_text_shadow_vertical_length=&#8221;link_text_shadow_style,%91object Object%93&#8243; link_text_shadow_vertical_length_tablet=&#8221;0px&#8221; link_text_shadow_blur_strength=&#8221;link_text_shadow_style,%91object Object%93&#8243; link_text_shadow_blur_strength_tablet=&#8221;1px&#8221; ul_text_shadow_horizontal_length=&#8221;ul_text_shadow_style,%91object Object%93&#8243; ul_text_shadow_horizontal_length_tablet=&#8221;0px&#8221; ul_text_shadow_vertical_length=&#8221;ul_text_shadow_style,%91object Object%93&#8243; ul_text_shadow_vertical_length_tablet=&#8221;0px&#8221; ul_text_shadow_blur_strength=&#8221;ul_text_shadow_style,%91object Object%93&#8243; ul_text_shadow_blur_strength_tablet=&#8221;1px&#8221; ol_text_shadow_horizontal_length=&#8221;ol_text_shadow_style,%91object Object%93&#8243; ol_text_shadow_horizontal_length_tablet=&#8221;0px&#8221; ol_text_shadow_vertical_length=&#8221;ol_text_shadow_style,%91object Object%93&#8243; ol_text_shadow_vertical_length_tablet=&#8221;0px&#8221; ol_text_shadow_blur_strength=&#8221;ol_text_shadow_style,%91object Object%93&#8243; ol_text_shadow_blur_strength_tablet=&#8221;1px&#8221; quote_text_shadow_horizontal_length=&#8221;quote_text_shadow_style,%91object Object%93&#8243; quote_text_shadow_horizontal_length_tablet=&#8221;0px&#8221; quote_text_shadow_vertical_length=&#8221;quote_text_shadow_style,%91object Object%93&#8243; quote_text_shadow_vertical_length_tablet=&#8221;0px&#8221; quote_text_shadow_blur_strength=&#8221;quote_text_shadow_style,%91object Object%93&#8243; quote_text_shadow_blur_strength_tablet=&#8221;1px&#8221; header_text_shadow_horizontal_length=&#8221;header_text_shadow_style,%91object Object%93&#8243; header_text_shadow_horizontal_length_tablet=&#8221;0px&#8221; header_text_shadow_vertical_length=&#8221;header_text_shadow_style,%91object Object%93&#8243; header_text_shadow_vertical_length_tablet=&#8221;0px&#8221; header_text_shadow_blur_strength=&#8221;header_text_shadow_style,%91object Object%93&#8243; header_text_shadow_blur_strength_tablet=&#8221;1px&#8221; header_2_text_shadow_horizontal_length=&#8221;header_2_text_shadow_style,%91object Object%93&#8243; header_2_text_shadow_horizontal_length_tablet=&#8221;0px&#8221; header_2_text_shadow_vertical_length=&#8221;header_2_text_shadow_style,%91object Object%93&#8243; header_2_text_shadow_vertical_length_tablet=&#8221;0px&#8221; header_2_text_shadow_blur_strength=&#8221;header_2_text_shadow_style,%91object Object%93&#8243; header_2_text_shadow_blur_strength_tablet=&#8221;1px&#8221; header_3_text_shadow_horizontal_length=&#8221;header_3_text_shadow_style,%91object Object%93&#8243; header_3_text_shadow_horizontal_length_tablet=&#8221;0px&#8221; header_3_text_shadow_vertical_length=&#8221;header_3_text_shadow_style,%91object Object%93&#8243; header_3_text_shadow_vertical_length_tablet=&#8221;0px&#8221; header_3_text_shadow_blur_strength=&#8221;header_3_text_shadow_style,%91object Object%93&#8243; header_3_text_shadow_blur_strength_tablet=&#8221;1px&#8221; header_4_text_shadow_horizontal_length=&#8221;header_4_text_shadow_style,%91object Object%93&#8243; header_4_text_shadow_horizontal_length_tablet=&#8221;0px&#8221; header_4_text_shadow_vertical_length=&#8221;header_4_text_shadow_style,%91object Object%93&#8243; header_4_text_shadow_vertical_length_tablet=&#8221;0px&#8221; header_4_text_shadow_blur_strength=&#8221;header_4_text_shadow_style,%91object Object%93&#8243; header_4_text_shadow_blur_strength_tablet=&#8221;1px&#8221; header_5_text_shadow_horizontal_length=&#8221;header_5_text_shadow_style,%91object Object%93&#8243; header_5_text_shadow_horizontal_length_tablet=&#8221;0px&#8221; header_5_text_shadow_vertical_length=&#8221;header_5_text_shadow_style,%91object Object%93&#8243; header_5_text_shadow_vertical_length_tablet=&#8221;0px&#8221; header_5_text_shadow_blur_strength=&#8221;header_5_text_shadow_style,%91object Object%93&#8243; header_5_text_shadow_blur_strength_tablet=&#8221;1px&#8221; header_6_text_shadow_horizontal_length=&#8221;header_6_text_shadow_style,%91object Object%93&#8243; header_6_text_shadow_horizontal_length_tablet=&#8221;0px&#8221; header_6_text_shadow_vertical_length=&#8221;header_6_text_shadow_style,%91object Object%93&#8243; header_6_text_shadow_vertical_length_tablet=&#8221;0px&#8221; header_6_text_shadow_blur_strength=&#8221;header_6_text_shadow_style,%91object Object%93&#8243; header_6_text_shadow_blur_strength_tablet=&#8221;1px&#8221; box_shadow_horizontal_tablet=&#8221;0px&#8221; box_shadow_vertical_tablet=&#8221;0px&#8221; box_shadow_blur_tablet=&#8221;40px&#8221; box_shadow_spread_tablet=&#8221;0px&#8221; z_index_tablet=&#8221;500&#8243;]<\/p>\n<p style=\"text-align: center;\"><em>&#8220;M\u00e5ngfald, harmoni och \u00f6msesidigt st\u00f6d&#8221;<\/em><\/p>\n<p style=\"text-align: center;\"><em>\u00a0<\/em><\/p>\n<p style=\"text-align: center;\"><em>&#8220;V\u00e5rd av jorden och dess m\u00e4nniskor&#8221;<\/em><\/p>\n<p style=\"text-align: center;\"><em>\u00a0<\/em><\/p>\n<p style=\"text-align: center;\"><em>&#8220;En plats f\u00f6r absolut integration, d\u00e4r respekt och f\u00f6rst\u00e5else f\u00f6r landet har f\u00e5tt sina b\u00e4sta resultat.&#8221;<\/em><\/p>\n<p style=\"text-align: center;\"><em>\u00a0<\/em><\/p>\n<p style=\"text-align: center;\"><em>&#8220;Den inbjuder att reflektera \u00f6ver konsekvenserna av beslut, vanor, proaktivitet, livsfilosofi f\u00f6r alla som en fri varelse och i harmoni med den plats vi bor.&#8221;<\/em><\/p>\n<p style=\"text-align: center;\"><em>\u00a0<\/em><\/p>\n<p style=\"text-align: center;\"><em>\u201dDen h\u00e4r g\u00e5rden g\u00e5r ut\u00f6ver permakultur- och agroekologibegrepp; det \u00e4r ett s\u00e4tt att leva och k\u00e4nna naturen. Den har en sj\u00e4l, det \u00e4r inte bara vad du kan se, lukta eller r\u00f6ra i den. Varje g\u00e5ng jag har m\u00f6jlighet att bes\u00f6ka dem l\u00e4mnar jag mig \u00f6vertygad om att detta projekt fungerar, det \u00e4r v\u00e4ldigt levande och l\u00e5ngt borta fr\u00e5n ekonomiska eller produktiva koncept (som jag knappt f\u00f6rst\u00e5r), jag k\u00e4nner att det hj\u00e4lper grannskapet. &#8220;<\/em><\/p>\n<p style=\"text-align: center;\"><em>\u00a0<\/em><\/p>\n<p style=\"text-align: center;\"><em>&#8220;Du \u00e4r ett exempel att f\u00f6lja. &#8220;Samarbete, beskydd, allm\u00e4nt god, \u00f6msesidig hj\u00e4lp, biologisk m\u00e5ngfald &#8230;&#8221;; vad mer kan du beg\u00e4ra? H\u00e4r har allt sin plats och ingenting kolliderar. N\u00e4r det g\u00e4ller f\u00f6rslag kan jag bara be dig forts\u00e4tta arbeta som du har gjort tills nu eftersom du \u00e4r p\u00e5 r\u00e4tt v\u00e4g. <\/em><em>Forts\u00e4tt dela din entusiasm och kunskap med v\u00e4rlden \u201d<a href=\"#_ftn1\" name=\"_ftnref1\"><strong>[1]<\/strong><\/a><\/em><em>.<\/em><\/p>\n<p>Test-och-felmetoden bakom upplevelsen som beskrivs i den h\u00e4r guiden \u00e4r verkligen en del av den mest genuina s\u00f6kningen efter det som f\u00f6r oss n\u00e4rmare den heterogena massan av olika livsformer d\u00e4r vi helt integreras f\u00f6r att n\u00e5 det resultat vi letar efter. Med andra ord att bli en integrerad del av landskapet inte som en m\u00e5lare utan som en del av m\u00e5lningen.<\/p>\n<p>I de olika didaktiska enheterna i PERMIND Training Guide, ville vi avsl\u00f6ja hur Permaculture identifierar sig med medveten design och underh\u00e5ll av de produktiva jordbruksekosystemen som har samma m\u00e5ngfald, stabilitet och styrka som de naturliga ekosystemen. Genom observation av de naturliga ekosystemen designar vi<\/p>\n<p>produktionssystem som uppfyller m\u00e4nskliga behov och \u00e5terst\u00e4llande och bevarande av milj\u00f6n.<\/p>\n<p>System baserade p\u00e5 Permaculture-principer fr\u00e4mjar detta skydd och restaurering och \u00e5tervinner markens kvalitet, skyddar biologisk m\u00e5ngfald, integrerar de \u00e4tliga tr\u00e4dg\u00e5rdarna och tr\u00e4dg\u00e5rdsskogarna med dess g\u00f6dslingstr\u00e4d; odla jord med permanent t\u00e4ckning och \u00e5tervinning av n\u00e4rings\u00e4mnen; hantera mest effektivt regnvatteninfiltrering; minska vattenf\u00f6rbrukningen och d\u00e4rf\u00f6r vattenavtryck; minska energif\u00f6rbrukningen genom en h\u00f6gre energieffektivitet; \u00e4r en anpassningsmodell f\u00f6r klimatf\u00f6r\u00e4ndringar f\u00f6r dess uth\u00e5llighet och en mildringsmodell som minskar kolet i atmosf\u00e4ren f\u00f6r att bek\u00e4mpa v\u00e4xthuseffekt och klimatf\u00f6r\u00e4ndringar; f\u00f6rb\u00e4ttra n\u00e4ringskvaliteten p\u00e5 maten; hj\u00e4lpa till att st\u00e4nga olika cykler: energi, n\u00e4rings\u00e4mnen, material och vatten; f\u00f6rl\u00e4nga produktens livscykel; hj\u00e4lpa agroekologisk motst\u00e5ndskraft; tillhandah\u00e5lla \u00e4tliga tr\u00e4dg\u00e5rdar och tr\u00e4dg\u00e5rdsskogar f\u00f6r att f\u00f6rb\u00e4ttra jordbrukslandskapet; bidra till \u00e5terh\u00e4mtningen av \u00f6vergivna och nedbrutna odlade marker f\u00f6r att stoppa \u00f6kenspridningen; anv\u00e4nd inte g\u00f6dselmedel eller kemisk g\u00f6dsel; bidra till att \u00f6ka medvetenheten och utbildningen om milj\u00f6fr\u00e5gor etc.<\/p>\n<p>Fr\u00e5n det psykosomatiska perspektivet \u00e4r v\u00e5rt nuvarande beteende \u00f6vergripande stillasittande om vi j\u00e4mf\u00f6r det med v\u00e5r &#8220;\u00e5lder&#8221; i hj\u00e4rnan, som fortfarande \u00e4r \u00f6verv\u00e4gande nomadisk. Den &#8220;nomadiska&#8221; hj\u00e4rnf\u00f6rskjutningen i naturen fungerar enligt s\u00e4kerhetsm\u00e5l s\u00e5som livsmilj\u00f6 och mat; d\u00e4rf\u00f6r utvecklas vissa mekanismer f\u00f6r att uppn\u00e5 dessa m\u00e5l. Permakultur emulerar principerna f\u00f6r naturen som \u00f6verf\u00f6r id\u00e9n om ett naturligt ekosystem i kulturella ekosystem och i \u00e4tliga tr\u00e4dg\u00e5rdar och tr\u00e4dg\u00e5rdsskogar.<\/p>\n<p>Vi vill fr\u00e4mja den nomadiska dimensionen av v\u00e5r hj\u00e4rna genom permakulturella metoder i en ny och pedagogisk dimension. Detta hj\u00e4lper fr\u00e5n en terapeutisk synvinkel med tanke p\u00e5 att dessa praxis \u00e5terf\u00f6renar oss med naturen, var vi kom ifr\u00e5n och p\u00e5 vilka vi v\u00e4nde ryggen. F\u00f6rbindelsen med naturen genom den dagliga uppt\u00e4ckten av &#8220;nya bos\u00e4ttningar&#8221; av n\u00e4ringsf\u00f6rs\u00f6rjningen i v\u00e5ra \u00e4tliga tr\u00e4dg\u00e5rdar och tr\u00e4dg\u00e5rdsskogar utmanar nya uppt\u00e4ckter f\u00f6r hj\u00e4rnan som stimulerar v\u00e5rt minnessystem.<\/p>\n<p>I tidigare didaktiska enheter pratade vi om vikten av att odla i Permaculture: odla milj\u00f6\u00f6vervakning, odla vatten och jord, odla biologisk m\u00e5ngfald. Att l\u00e4gga till alla dessa odlingar, det r\u00e5der ingen tvekan om att det resulterar i mer friska produkter. Men f\u00f6r att underl\u00e4tta dessa gr\u00f6dor p\u00e5 ett gemensamt s\u00e4tt m\u00e5ste vi vara medvetna om vikten av att odla m\u00e4nskliga relationer; det \u00e4r h\u00e4r mental h\u00e4lsa intr\u00e4ffar. Det \u00e4r en odling av m\u00e4nskliga relationer genom \u00e5teranslutning till naturen, en natur som vi har v\u00e4nt tillbaka p\u00e5 med v\u00e5r tekniska arrogans. Vi m\u00e5ste g\u00e5 fr\u00e5n medansvarsfasen av f\u00f6rst\u00f6relse d\u00e4r vi \u00e4r installerad, till en fas med medansvar i restaureringen. Detta \u00e4r ett av m\u00e5len med den h\u00e4r guiden och anledningen till att vi skrev PERMIND Training Guide i f\u00f6rsta hand med odlingen av terapi.<\/p>\n<p><strong><span style=\"color: #b3bf00;\">Vi avslutar nu guiden med ett<\/span> PERMACULTURAL ACKNOWLEDGMENT <span style=\"color: #b3bf00;\">till alla personer som under de senaste 23 \u00e5ren har inspirerat och delat v\u00e5r test-and-error-metod i odling av observationer och m\u00e4nskliga relationer i Finca El Mato Tinto, ADP: s huvudkontor. Till de personer som har samarbetat till PERMIND Training Guide utveckling, redigering och revision. Vi vill s\u00e4rskilt h\u00e4nvisa till de anst\u00e4llda i Finca El Mato Permacultura som \u00e4r inspirationsk\u00e4llan till denna utbildningsguide.<\/span><\/strong><\/p>\n<p>&nbsp;<\/p>\n<p><a href=\"#_ftnref1\" name=\"_ftn1\">[1]<\/a> Intryck av lokala tekniker och politiker fr\u00e5n Red Terrae (lokal f\u00f6rening f\u00f6r n\u00e4tverket f\u00f6r agroekologiska reservterritorier) och stadshuset i Tacoronte efter \u201dmarkf\u00f6rbindelsen\u201d med Finca El Mato Tinto den 21 juni 2017.<\/p>\n<p>[\/et_pb_text][et_pb_image _builder_version=&#8221;4.0.6&#8243; src=&#8221;http:\/\/www.permind.eu\/learningplatform\/wp-content\/uploads\/2019\/09\/Ep\u00edlogo.Foto-Final.jpg&#8221; box_shadow_horizontal_tablet=&#8221;0px&#8221; box_shadow_vertical_tablet=&#8221;0px&#8221; box_shadow_blur_tablet=&#8221;40px&#8221; box_shadow_spread_tablet=&#8221;0px&#8221; z_index_tablet=&#8221;500&#8243; \/][\/et_pb_column][\/et_pb_row][\/et_pb_section]<\/p>\n","protected":false},"excerpt":{"rendered":"<p>[et_pb_section bb_built=&#8221;1&#8243;][et_pb_row][et_pb_column type=&#8221;4_4&#8243;][et_pb_text _builder_version=&#8221;4.0.6&#8243; text_text_shadow_horizontal_length=&#8221;text_text_shadow_style,%91object Object%93&#8243; text_text_shadow_horizontal_length_tablet=&#8221;0px&#8221; text_text_shadow_vertical_length=&#8221;text_text_shadow_style,%91object Object%93&#8243; text_text_shadow_vertical_length_tablet=&#8221;0px&#8221; text_text_shadow_blur_strength=&#8221;text_text_shadow_style,%91object Object%93&#8243; text_text_shadow_blur_strength_tablet=&#8221;1px&#8221; link_text_shadow_horizontal_length=&#8221;link_text_shadow_style,%91object Object%93&#8243; link_text_shadow_horizontal_length_tablet=&#8221;0px&#8221; link_text_shadow_vertical_length=&#8221;link_text_shadow_style,%91object Object%93&#8243; link_text_shadow_vertical_length_tablet=&#8221;0px&#8221; link_text_shadow_blur_strength=&#8221;link_text_shadow_style,%91object Object%93&#8243; link_text_shadow_blur_strength_tablet=&#8221;1px&#8221; ul_text_shadow_horizontal_length=&#8221;ul_text_shadow_style,%91object Object%93&#8243; ul_text_shadow_horizontal_length_tablet=&#8221;0px&#8221; ul_text_shadow_vertical_length=&#8221;ul_text_shadow_style,%91object Object%93&#8243; ul_text_shadow_vertical_length_tablet=&#8221;0px&#8221; ul_text_shadow_blur_strength=&#8221;ul_text_shadow_style,%91object Object%93&#8243; ul_text_shadow_blur_strength_tablet=&#8221;1px&#8221; ol_text_shadow_horizontal_length=&#8221;ol_text_shadow_style,%91object Object%93&#8243; ol_text_shadow_horizontal_length_tablet=&#8221;0px&#8221; ol_text_shadow_vertical_length=&#8221;ol_text_shadow_style,%91object Object%93&#8243; ol_text_shadow_vertical_length_tablet=&#8221;0px&#8221; ol_text_shadow_blur_strength=&#8221;ol_text_shadow_style,%91object Object%93&#8243; ol_text_shadow_blur_strength_tablet=&#8221;1px&#8221; quote_text_shadow_horizontal_length=&#8221;quote_text_shadow_style,%91object Object%93&#8243; quote_text_shadow_horizontal_length_tablet=&#8221;0px&#8221; quote_text_shadow_vertical_length=&#8221;quote_text_shadow_style,%91object Object%93&#8243; quote_text_shadow_vertical_length_tablet=&#8221;0px&#8221; quote_text_shadow_blur_strength=&#8221;quote_text_shadow_style,%91object Object%93&#8243; quote_text_shadow_blur_strength_tablet=&#8221;1px&#8221; header_text_shadow_horizontal_length=&#8221;header_text_shadow_style,%91object Object%93&#8243; header_text_shadow_horizontal_length_tablet=&#8221;0px&#8221; header_text_shadow_vertical_length=&#8221;header_text_shadow_style,%91object Object%93&#8243; header_text_shadow_vertical_length_tablet=&#8221;0px&#8221; [&hellip;]<\/p>\n","protected":false},"author":4,"featured_media":0,"parent":0,"menu_order":0,"comment_status":"closed","ping_status":"closed","template":"","meta":{"_et_pb_use_builder":"on","_et_pb_old_content":"","footnotes":""},"_links":{"self":[{"href":"https:\/\/www.permind.eu\/learningplatform\/wp-json\/wp\/v2\/pages\/4842"}],"collection":[{"href":"https:\/\/www.permind.eu\/learningplatform\/wp-json\/wp\/v2\/pages"}],"about":[{"href":"https:\/\/www.permind.eu\/learningplatform\/wp-json\/wp\/v2\/types\/page"}],"author":[{"embeddable":true,"href":"https:\/\/www.permind.eu\/learningplatform\/wp-json\/wp\/v2\/users\/4"}],"replies":[{"embeddable":true,"href":"https:\/\/www.permind.eu\/learningplatform\/wp-json\/wp\/v2\/comments?post=4842"}],"version-history":[{"count":1,"href":"https:\/\/www.permind.eu\/learningplatform\/wp-json\/wp\/v2\/pages\/4842\/revisions"}],"predecessor-version":[{"id":4843,"href":"https:\/\/www.permind.eu\/learningplatform\/wp-json\/wp\/v2\/pages\/4842\/revisions\/4843"}],"wp:attachment":[{"href":"https:\/\/www.permind.eu\/learningplatform\/wp-json\/wp\/v2\/media?parent=4842"}],"curies":[{"name":"wp","href":"https:\/\/api.w.org\/{rel}","templated":true}]}}