{"id":4925,"date":"2019-11-18T11:23:58","date_gmt":"2019-11-18T10:23:58","guid":{"rendered":"http:\/\/www.permind.eu\/learningplatform\/%cf%80%cf%81%ce%bf%ce%bb%ce%bf%ce%b3%ce%bf%cf%83\/"},"modified":"2019-11-18T11:23:59","modified_gmt":"2019-11-18T10:23:59","slug":"%cf%80%cf%81%ce%bf%ce%bb%ce%bf%ce%b3%ce%bf%cf%83","status":"publish","type":"page","link":"https:\/\/www.permind.eu\/learningplatform\/%cf%80%cf%81%ce%bf%ce%bb%ce%bf%ce%b3%ce%bf%cf%83\/?lang=el","title":{"rendered":"\u03a0\u03a1\u039f\u039b\u039f\u0393\u039f\u03a3"},"content":{"rendered":"<p>[et_pb_section bb_built=&#8221;1&#8243; inner_width=&#8221;auto&#8221; inner_max_width=&#8221;none&#8221;][et_pb_row][et_pb_column type=&#8221;4_4&#8243; custom_padding__hover=&#8221;|||&#8221; custom_padding=&#8221;|||&#8221;][et_pb_text _builder_version=&#8221;4.0.6&#8243; text_text_shadow_horizontal_length=&#8221;text_text_shadow_style,%91object Object%93&#8243; text_text_shadow_horizontal_length_tablet=&#8221;0px&#8221; text_text_shadow_vertical_length=&#8221;text_text_shadow_style,%91object Object%93&#8243; text_text_shadow_vertical_length_tablet=&#8221;0px&#8221; text_text_shadow_blur_strength=&#8221;text_text_shadow_style,%91object Object%93&#8243; text_text_shadow_blur_strength_tablet=&#8221;1px&#8221; link_text_shadow_horizontal_length=&#8221;link_text_shadow_style,%91object Object%93&#8243; link_text_shadow_horizontal_length_tablet=&#8221;0px&#8221; link_text_shadow_vertical_length=&#8221;link_text_shadow_style,%91object Object%93&#8243; link_text_shadow_vertical_length_tablet=&#8221;0px&#8221; link_text_shadow_blur_strength=&#8221;link_text_shadow_style,%91object Object%93&#8243; link_text_shadow_blur_strength_tablet=&#8221;1px&#8221; ul_text_shadow_horizontal_length=&#8221;ul_text_shadow_style,%91object Object%93&#8243; ul_text_shadow_horizontal_length_tablet=&#8221;0px&#8221; ul_text_shadow_vertical_length=&#8221;ul_text_shadow_style,%91object Object%93&#8243; ul_text_shadow_vertical_length_tablet=&#8221;0px&#8221; ul_text_shadow_blur_strength=&#8221;ul_text_shadow_style,%91object Object%93&#8243; ul_text_shadow_blur_strength_tablet=&#8221;1px&#8221; ol_text_shadow_horizontal_length=&#8221;ol_text_shadow_style,%91object Object%93&#8243; ol_text_shadow_horizontal_length_tablet=&#8221;0px&#8221; ol_text_shadow_vertical_length=&#8221;ol_text_shadow_style,%91object Object%93&#8243; ol_text_shadow_vertical_length_tablet=&#8221;0px&#8221; ol_text_shadow_blur_strength=&#8221;ol_text_shadow_style,%91object Object%93&#8243; ol_text_shadow_blur_strength_tablet=&#8221;1px&#8221; quote_text_shadow_horizontal_length=&#8221;quote_text_shadow_style,%91object Object%93&#8243; quote_text_shadow_horizontal_length_tablet=&#8221;0px&#8221; quote_text_shadow_vertical_length=&#8221;quote_text_shadow_style,%91object Object%93&#8243; quote_text_shadow_vertical_length_tablet=&#8221;0px&#8221; quote_text_shadow_blur_strength=&#8221;quote_text_shadow_style,%91object Object%93&#8243; quote_text_shadow_blur_strength_tablet=&#8221;1px&#8221; header_text_shadow_horizontal_length=&#8221;header_text_shadow_style,%91object Object%93&#8243; header_text_shadow_horizontal_length_tablet=&#8221;0px&#8221; header_text_shadow_vertical_length=&#8221;header_text_shadow_style,%91object Object%93&#8243; header_text_shadow_vertical_length_tablet=&#8221;0px&#8221; header_text_shadow_blur_strength=&#8221;header_text_shadow_style,%91object Object%93&#8243; header_text_shadow_blur_strength_tablet=&#8221;1px&#8221; header_2_text_shadow_horizontal_length=&#8221;header_2_text_shadow_style,%91object Object%93&#8243; header_2_text_shadow_horizontal_length_tablet=&#8221;0px&#8221; header_2_text_shadow_vertical_length=&#8221;header_2_text_shadow_style,%91object Object%93&#8243; header_2_text_shadow_vertical_length_tablet=&#8221;0px&#8221; header_2_text_shadow_blur_strength=&#8221;header_2_text_shadow_style,%91object Object%93&#8243; header_2_text_shadow_blur_strength_tablet=&#8221;1px&#8221; header_3_text_shadow_horizontal_length=&#8221;header_3_text_shadow_style,%91object Object%93&#8243; header_3_text_shadow_horizontal_length_tablet=&#8221;0px&#8221; header_3_text_shadow_vertical_length=&#8221;header_3_text_shadow_style,%91object Object%93&#8243; header_3_text_shadow_vertical_length_tablet=&#8221;0px&#8221; header_3_text_shadow_blur_strength=&#8221;header_3_text_shadow_style,%91object Object%93&#8243; header_3_text_shadow_blur_strength_tablet=&#8221;1px&#8221; header_4_text_shadow_horizontal_length=&#8221;header_4_text_shadow_style,%91object Object%93&#8243; header_4_text_shadow_horizontal_length_tablet=&#8221;0px&#8221; header_4_text_shadow_vertical_length=&#8221;header_4_text_shadow_style,%91object Object%93&#8243; header_4_text_shadow_vertical_length_tablet=&#8221;0px&#8221; header_4_text_shadow_blur_strength=&#8221;header_4_text_shadow_style,%91object Object%93&#8243; header_4_text_shadow_blur_strength_tablet=&#8221;1px&#8221; header_5_text_shadow_horizontal_length=&#8221;header_5_text_shadow_style,%91object Object%93&#8243; header_5_text_shadow_horizontal_length_tablet=&#8221;0px&#8221; header_5_text_shadow_vertical_length=&#8221;header_5_text_shadow_style,%91object Object%93&#8243; header_5_text_shadow_vertical_length_tablet=&#8221;0px&#8221; header_5_text_shadow_blur_strength=&#8221;header_5_text_shadow_style,%91object Object%93&#8243; header_5_text_shadow_blur_strength_tablet=&#8221;1px&#8221; header_6_text_shadow_horizontal_length=&#8221;header_6_text_shadow_style,%91object Object%93&#8243; header_6_text_shadow_horizontal_length_tablet=&#8221;0px&#8221; header_6_text_shadow_vertical_length=&#8221;header_6_text_shadow_style,%91object Object%93&#8243; header_6_text_shadow_vertical_length_tablet=&#8221;0px&#8221; header_6_text_shadow_blur_strength=&#8221;header_6_text_shadow_style,%91object Object%93&#8243; header_6_text_shadow_blur_strength_tablet=&#8221;1px&#8221; box_shadow_horizontal_tablet=&#8221;0px&#8221; box_shadow_vertical_tablet=&#8221;0px&#8221; box_shadow_blur_tablet=&#8221;40px&#8221; box_shadow_spread_tablet=&#8221;0px&#8221; z_index_tablet=&#8221;500&#8243;]<\/p>\n<p>\u03a4\u03bf \u03c0\u03c1\u03cc\u03b3\u03c1\u03b1\u03bc\u03bc\u03b1 PERMIND \u03b4\u03b5\u03bd \u03b5\u03af\u03bd\u03b1\u03b9 \u03b1\u03c0\u03bb\u03ce\u03c2 \u03ac\u03bb\u03bb\u03bf \u03ad\u03bd\u03b1 \u03bc\u03ac\u03b8\u03b7\u03bc\u03b1 \u03b2\u03b9\u03bf\u03bb\u03bf\u03b3\u03b9\u03ba\u03ae\u03c2 \u03ba\u03b1\u03bb\u03bb\u03b9\u03ad\u03c1\u03b3\u03b5\u03b9\u03b1\u03c2, \u03b1\u03bb\u03bb\u03ac \u03bc\u03af\u03b1 <span style=\"font-weight: normal !msorm;\"><strong>\u03b1\u03bb\u03bb\u03b1\u03b3\u03ae \u03bd\u03bf\u03bf\u03c4\u03c1\u03bf\u03c0\u03af\u03b1\u03c2<\/strong><\/span>. \u0397 \u03a0\u03b5\u03c1\u03bc\u03b1\u03ba\u03bf\u03c5\u03bb\u03c4\u03bf\u03cd\u03c1\u03b1 \u03b5\u03af\u03bd\u03b1\u03b9 \u03ad\u03bd\u03b1\u03c2 \u03c4\u03c1\u03cc\u03c0\u03bf\u03c2 \u03b6\u03c9\u03ae\u03c2, \u03bc\u03b9\u03b1 \u03c3\u03b5\u03b9\u03c1\u03ac \u03b1\u03c1\u03c7\u03ce\u03bd \u03c0\u03bf\u03c5 \u03b5\u03c6\u03b1\u03c1\u03bc\u03cc\u03b6\u03bf\u03bd\u03c4\u03b1\u03b9 \u03c3\u03c4\u03b7\u03bd \u03ba\u03b1\u03b8\u03b7\u03bc\u03b5\u03c1\u03b9\u03bd\u03ae \u03b6\u03c9\u03ae, \u03b1\u03bb\u03bb\u03ac \u03ba\u03b1\u03b9 \u03c3\u03b5 \u03cc\u03bb\u03b5\u03c2 \u03c4\u03b7\u03c2 \u03b5\u03ba\u03c6\u03ac\u03bd\u03c3\u03b5\u03b9\u03c2 \u03c4\u03b7\u03c2 \u03b6\u03c9\u03ae\u03c2 \u03bc\u03b1\u03c2 (\u03cc\u03c0\u03c9\u03c2 \u03b7 \u03c6\u03c1\u03bf\u03bd\u03c4\u03af\u03b4\u03b1 \u03c4\u03b7\u03c2 \u0393\u03b7\u03c2 \u03ba\u03b1\u03b9 \u03c4\u03c9\u03bd \u03b1\u03bd\u03b8\u03c1\u03ce\u03c0\u03c9\u03bd \u03c4\u03b7\u03c2, \u03b4\u03af\u03ba\u03b1\u03b9\u03b7 \u03ba\u03b1\u03c4\u03b1\u03bd\u03bf\u03bc\u03ae \u03c0\u03cc\u03c1\u03c9\u03bd, \u03c5\u03c0\u03b5\u03cd\u03b8\u03c5\u03bd\u03b7 \u03ba\u03b1\u03c4\u03b1\u03bd\u03ac\u03bb\u03c9\u03c3\u03b7, \u03c0\u03b1\u03c1\u03b1\u03c4\u03ae\u03c1\u03b7\u03c3\u03b7 \u03ba\u03b1\u03b9 \u03bc\u03ac\u03b8\u03b7\u03c3\u03b7). \u0391\u03c5\u03c4\u03cc \u03c3\u03b7\u03bc\u03b1\u03af\u03bd\u03b5\u03b9 \u03cc\u03c4\u03b9 \u03b3\u03b9\u03bd\u03cc\u03bc\u03b1\u03c3\u03c4\u03b5 \u03b5\u03bd\u03b5\u03c1\u03b3\u03cc \u03bc\u03ad\u03bb\u03bf\u03c2 \u03c3\u03c4\u03b7 \u03b4\u03b7\u03bc\u03b9\u03bf\u03c5\u03c1\u03b3\u03af\u03b1 \u03c4\u03bf\u03c5 \u03bf\u03b9\u03ba\u03bf\u03c3\u03c5\u03c3\u03c4\u03ae\u03bc\u03b1\u03c4\u03cc\u03c2 \u03bc\u03b1\u03c2: \u03bc\u03c0\u03bf\u03c1\u03bf\u03cd\u03bc\u03b5 \u03bd\u03b1 \u03c4\u03bf \u03b1\u03bb\u03bb\u03ac\u03be\u03bf\u03c5\u03bc\u03b5, \u03b1\u03bb\u03bb\u03ac \u03c3\u03b5\u03b2\u03cc\u03bc\u03b5\u03bd\u03bf\u03b9 \u03c4\u03b7\u03bd \u03c7\u03b9\u03bb\u03b9\u03b5\u03c4\u03ae \u03b9\u03c3\u03bf\u03c1\u03c1\u03bf\u03c0\u03af\u03b1 \u03c4\u03bf\u03c5 \u03ba\u03b1\u03b9 \u03c4\u03b9\u03c2 \u03b1\u03bd\u03ac\u03b3\u03ba\u03b5\u03c2 \u03c4\u03bf\u03c5. \u03a3\u03b7\u03bc\u03b1\u03af\u03bd\u03b5\u03b9 \u03bd\u03b1 \u03b5\u03c1\u03b3\u03b1\u03b6\u03cc\u03bc\u03b1\u03c3\u03c4\u03b5 \u03bc\u03b5 \u03c5\u03c0\u03b5\u03cd\u03b8\u03c5\u03bd\u03bf \u03c4\u03c1\u03cc\u03c0\u03bf \u03bc\u03b5 \u03c6\u03c1\u03bf\u03bd\u03c4\u03af\u03b4\u03b1 \u03b3\u03b9\u03b1 \u03c4\u03bf \u03bc\u03ad\u03bb\u03bb\u03bf\u03bd \u03ba\u03b1\u03b9 \u03bd\u03b1 \u03bc\u03b7 \u03c3\u03ba\u03b5\u03c6\u03c4\u03cc\u03bc\u03b1\u03c3\u03c4\u03b5 \u03bc\u03cc\u03bd\u03bf \u03c4\u03b7\u03bd \u03ac\u03bc\u03b5\u03c3\u03b5\u03c2, \u03b1\u03bb\u03bb\u03ac \u03bc\u03b1\u03ba\u03c1\u03bf\u03c0\u03c1\u03cc\u03b8\u03b5\u03c3\u03bc\u03b5\u03c2 \u03bb\u03cd\u03c3\u03b5\u03b9\u03c2. \u0397 \u03b4\u03b9\u03b1\u03b4\u03b9\u03ba\u03b1\u03c3\u03af\u03b1 \u03b1\u03c5\u03c4\u03ae \u03b1\u03c0\u03b1\u03b9\u03c4\u03b5\u03af \u03c7\u03c1\u03cc\u03bd\u03bf, \u03cc\u03c0\u03c9\u03c2 \u03ba\u03ac\u03b8\u03b5 \u03b1\u03bb\u03bb\u03b1\u03b3\u03ae \u03c0\u03bf\u03c5 \u03ba\u03ac\u03bd\u03bf\u03c5\u03bc\u03b5, \u03bf\u03c0\u03cc\u03c4\u03b5 \u03b1\u03c0\u03b1\u03b9\u03c4\u03b5\u03af\u03c4\u03b1\u03b9 \u03bd\u03b1 \u03bc\u03ac\u03b8\u03bf\u03c5\u03bc\u03b5 \u03c0\u03ce\u03c2 \u03bd\u03b1 \u03a0\u0399\u03a3\u03a4\u0395\u03a8\u039f\u03a5\u039c\u0395 \u03cc\u03c4\u03b9 \u03b1\u03c5\u03c4\u03ae \u03b7 \u03b1\u03bb\u03bb\u03b1\u03b3\u03ae \u03bc\u03c0\u03bf\u03c1\u03b5\u03af \u03bd\u03b1 \u03bb\u03b5\u03b9\u03c4\u03bf\u03c5\u03c1\u03b3\u03ae\u03c3\u03b5\u03b9. \u03a7\u03c1\u03b5\u03b9\u03ac\u03b6\u03b5\u03c4\u03b1\u03b9 \u03bd\u03b1 \u03be\u03b5\u03c7\u03ac\u03c3\u03bf\u03c5\u03bc\u03b5 \u03c4\u03bf \u03c3\u03c5\u03bc\u03b2\u03b1\u03c4\u03b9\u03ba\u03cc \u03c4\u03c1\u03cc\u03c0\u03bf \u03ba\u03b1\u03bb\u03bb\u03b9\u03ad\u03c1\u03b3\u03b5\u03b9\u03b1\u03c2 \u03c4\u03b7\u03c2 \u03b3\u03b7\u03c2 \u03ba\u03b1\u03b9 \u03bd\u03b1 \u03c0\u03b9\u03c3\u03c4\u03ad\u03c8\u03bf\u03c5\u03bc\u03b5 \u03c3\u03c4\u03b7\u03bd \u03b1\u03c0\u03bf\u03c4\u03b5\u03bb\u03b5\u03c3\u03bc\u03b1\u03c4\u03b9\u03ba\u03cc\u03c4\u03b7\u03c4\u03b1 \u03c4\u03c9\u03bd \u03c4\u03b5\u03c7\u03bd\u03b9\u03ba\u03ce\u03bd \u03c0\u03bf\u03c5 \u03c0\u03c1\u03bf\u03c4\u03b5\u03af\u03bd\u03b5\u03b9 \u03b7 \u03c0\u03b5\u03c1\u03bc\u03b1\u03ba\u03bf\u03c5\u03bb\u03c4\u03bf\u03cd\u03c1\u03b1.<\/p>\n<p>\u038c\u03c3\u03bf \u03b1\u03ba\u03bf\u03bb\u03bf\u03c5\u03b8\u03bf\u03cd\u03bc\u03b5 \u03c4\u03b1 \u03b2\u03ae\u03bc\u03b1\u03c4\u03b1 \u03c0\u03bf\u03c5 \u03c0\u03b1\u03c1\u03bf\u03c5\u03c3\u03b9\u03ac\u03b6\u03bf\u03bd\u03c4\u03b1\u03b9 \u03c3\u03c4\u03bf \u0395\u03ba\u03c0\u03b1\u03b9\u03b4\u03b5\u03c5\u03c4\u03b9\u03ba\u03cc \u0395\u03b3\u03c7\u03b5\u03b9\u03c1\u03af\u03b4\u03b9\u03bf PERMIND, \u03c4\u03cc\u03c3\u03bf \u03b8\u03b1 \u03c0\u03b9\u03c3\u03c4\u03ad\u03c8\u03bf\u03c5\u03bc\u03b5 \u03c0\u03c9\u03c2 \u03bf\u03b9 \u03c4\u03b5\u03c7\u03bd\u03b9\u03ba\u03ad\u03c2 \u03b1\u03c5\u03c4\u03ad\u03c2 \u03b5\u03af\u03bd\u03b1\u03b9 \u03b1\u03c0\u03bf\u03c4\u03b5\u03bb\u03b5\u03c3\u03bc\u03b1\u03c4\u03b9\u03ba\u03ad\u03c2. \u039f\u03b9 \u03c4\u03b5\u03c7\u03bd\u03b9\u03ba\u03ad\u03c2 \u03b1\u03c5\u03c4\u03ad\u03c2 \u03c3\u03bf\u03c5 \u03b5\u03c0\u03b9\u03c4\u03c1\u03ad\u03c0\u03bf\u03c5\u03bd \u03bd\u03b1 \u03b5\u03be\u03bf\u03b9\u03ba\u03bf\u03bd\u03bf\u03bc\u03b5\u03af\u03c2 \u03c0\u03cc\u03c1\u03bf\u03c5\u03c2 \u03bd\u03b5\u03c1\u03bf\u03cd, \u03bd\u03b1 \u03b1\u03c0\u03bf\u03c4\u03c1\u03ad\u03c0\u03b5\u03b9\u03c2 \u03c4\u03b7\u03bd \u03b5\u03be\u03ac\u03c0\u03bb\u03c9\u03c3\u03b7 \u03b6\u03b9\u03b6\u03b1\u03bd\u03af\u03c9\u03bd, \u03bd\u03b1 \u03ba\u03b1\u03c4\u03b1\u03bd\u03bf\u03ae\u03c3\u03b5\u03b9\u03c2 \u03c4\u03b7 \u03c7\u03c1\u03b7\u03c3\u03b9\u03bc\u03cc\u03c4\u03b7\u03c4\u03b1 \u03c4\u03b7\u03c2 \u03ac\u03b3\u03c1\u03b9\u03b1\u03c2 \u03b6\u03c9\u03ae\u03c2 \u03c3\u03c4\u03b7\u03bd \u03c0\u03b1\u03c1\u03b1\u03b3\u03c9\u03b3\u03b9\u03ba\u03cc\u03c4\u03b7\u03c4\u03b1 \u03ba\u03b1\u03b9 \u03c4\u03b5\u03bb\u03b9\u03ba\u03ac \u03b7 \u03b4\u03bf\u03c5\u03bb\u03b5\u03b9\u03ac \u03c3\u03bf\u03c5 \u03c3\u03c4\u03bf\u03bd \u03b2\u03c1\u03ce\u03c3\u03b9\u03bc\u03bf \u03ba\u03ae\u03c0\u03bf \u03bd\u03b1 \u03b3\u03af\u03bd\u03b5\u03b9 \u03bb\u03b9\u03b3\u03cc\u03c4\u03b5\u03c1\u03bf \u03b1\u03b3\u03c7\u03bf\u03b3\u03cc\u03bd\u03b1 \u03ba\u03b1\u03b9 \u03c0\u03b5\u03c1\u03b9\u03c3\u03c3\u03cc\u03c4\u03b5\u03c1\u03bf \u03b1\u03bd\u03c4\u03b1\u03c0\u03bf\u03b4\u03bf\u03c4\u03b9\u03ba\u03ae. \u0395\u03af\u03bd\u03b1\u03b9 \u03ba\u03ac\u03c4\u03b9 \u03c0\u03b1\u03c1\u03b1\u03c0\u03ac\u03bd\u03c9 \u03b1\u03c0\u03cc \u03b1\u03c0\u03b1\u03c1\u03b1\u03af\u03c4\u03b7\u03c4\u03bf \u03bd\u03b1 \u03a0\u0399\u03a3\u03a4\u0395\u03a8\u0395\u0399\u03a3 \u03c3\u03b5 \u03b1\u03c5\u03c4\u03cc \u03c0\u03bf\u03c5 \u03c0\u03c1\u03cc\u03ba\u03b5\u03b9\u03c4\u03b1\u03b9 \u03bd\u03b1 \u03ba\u03ac\u03bd\u03bf\u03c5\u03bc\u03b5 \u03ba\u03b1\u03b9 \u03bd\u03b1 \u03bc\u03b7\u03bd \u03ad\u03c7\u03b5\u03b9\u03c2 \u03c5\u03c0\u03cc\u03c8\u03b7 \u03c3\u03bf\u03c5 \u03c4\u03b9\u03c2 \u03c3\u03c5\u03bc\u03b2\u03b1\u03c4\u03b9\u03ba\u03ad\u03c2 \u03c4\u03b5\u03c7\u03bd\u03b9\u03ba\u03ad\u03c2 \u03b3\u03b5\u03c9\u03c1\u03b3\u03af\u03b1\u03c2. \u039a\u03ac\u03c0\u03bf\u03b9\u03bf\u03c2 \u03bc\u03c0\u03bf\u03c1\u03b5\u03af \u03bd\u03b1 \u03ba\u03ac\u03bd\u03b5\u03b9 \u03bb\u03ac\u03b8\u03b7, \u03cc\u03c0\u03c9\u03c2 \u03c3\u03c5\u03bd\u03ae\u03b8\u03c9\u03c2 \u03c3\u03c5\u03bc\u03b2\u03b1\u03af\u03bd\u03b5\u03b9 \u03cc\u03c0\u03bf\u03c4\u03b5 \u03bc\u03b1\u03b8\u03b1\u03af\u03bd\u03bf\u03c5\u03bc\u03b5 \u03ba\u03ac\u03c4\u03b9 \u03ba\u03b1\u03b9\u03bd\u03bf\u03cd\u03c1\u03b3\u03b9\u03bf. \u039c\u03c0\u03bf\u03c1\u03b5\u03af \u03bc\u03b5\u03c1\u03b9\u03ba\u03ad\u03c2 \u03c6\u03bf\u03c1\u03ad\u03c2 \u03bd\u03b1 \u03bd\u03b9\u03ce\u03c3\u03b5\u03c4\u03b5 \u03b1\u03c0\u03bf\u03b3\u03bf\u03b7\u03c4\u03b5\u03c5\u03bc\u03ad\u03bd\u03bf\u03b9 \u03ba\u03b1\u03b9 \u03bd\u03b1 \u03bd\u03b9\u03ce\u03c3\u03b5\u03c4\u03b5 \u03c4\u03b7\u03bd\u03b1 \u03b1\u03bd\u03ac\u03b3\u03ba\u03b7 \u03bd\u03b1 \u03b5\u03c0\u03b9\u03c3\u03c4\u03c1\u03ad\u03c8\u03b5\u03c4\u03b5 \u03c3\u03c4\u03b9\u03c2 \u03c0\u03b1\u03bb\u03b1\u03b9\u03cc\u03c4\u03b5\u03c1\u03b5\u03c2 \u03c4\u03b5\u03c7\u03bd\u03b9\u03ba\u03ad\u03c2 \u03b3\u03b9\u03b1 \u03bd\u03b1 \u03bd\u03b9\u03ce\u03c3\u03b5\u03c4\u03b5 \u03b1\u03c3\u03c6\u03ac\u03bb\u03b5\u03b9\u03b1, \u03b1\u03bb\u03bb\u03ac \u03c3\u03b1\u03c2 \u03b5\u03b3\u03b3\u03c5\u03cc\u03bc\u03b1\u03c3\u03c4\u03b5 \u03cc\u03c4\u03b9 \u03b7 \u03a0\u03b5\u03c1\u03bc\u03b1\u03ba\u03bf\u03c5\u03bb\u03c4\u03bf\u03cd\u03c1\u03b1 \u03b1\u03be\u03af\u03b6\u03b5\u03b9 \u03b1\u03c5\u03c4\u03ae \u03c4\u03b7 \u03b4\u03b9\u03b1\u03b4\u03b9\u03ba\u03b1\u03c3\u03af\u03b1. \u03a3\u03b1\u03c2 \u03b5\u03bd\u03b8\u03b1\u03c1\u03c1\u03cd\u03bd\u03bf\u03c5\u03bc\u03b5 \u03b1\u03c0\u03cc \u03ba\u03b1\u03c1\u03b4\u03b9\u03ac\u03c2 \u03bd\u03b1 \u03b1\u03c6\u03ae\u03c3\u03b5\u03c4\u03b5 \u03c4\u03bf\u03bd \u03b5\u03b1\u03c5\u03c4\u03cc \u03c3\u03b1\u03c2 \u03bd\u03b1 \u03b1\u03b3\u03b1\u03c0\u03ae\u03c3\u03b5\u03b9 \u03c4\u03b7\u03bd \u03a0\u03b5\u03c1\u03bc\u03b1\u03ba\u03bf\u03c5\u03bb\u03c4\u03bf\u03cd\u03c1\u03b1 \u03b3\u03b9\u03b1 \u03c4\u03b7\u03bd \u03ba\u03b1\u03b9\u03bd\u03bf\u03c4\u03bf\u03bc\u03af\u03b1 \u03c0\u03bf\u03c5 \u03bc\u03c0\u03bf\u03c1\u03b5\u03af \u03bd\u03b1 \u03c0\u03c1\u03bf\u03c3\u03c6\u03ad\u03c1\u03b5\u03b9 \u03b7 \u03af\u03b4\u03b9\u03b1 \u03b7 \u03c6\u03cd\u03c3\u03b7.<\/p>\n<p>&nbsp;<\/p>\n<p style=\"text-align: right;\">Laura Mart\u00ednez Dom\u00ednguez (Fundaci\u00f3n INTRAS)<\/p>\n<p>[\/et_pb_text][\/et_pb_column][\/et_pb_row][\/et_pb_section]<\/p>\n","protected":false},"excerpt":{"rendered":"<p>[et_pb_section bb_built=&#8221;1&#8243; inner_width=&#8221;auto&#8221; inner_max_width=&#8221;none&#8221;][et_pb_row][et_pb_column type=&#8221;4_4&#8243; custom_padding__hover=&#8221;|||&#8221; custom_padding=&#8221;|||&#8221;][et_pb_text _builder_version=&#8221;4.0.6&#8243; text_text_shadow_horizontal_length=&#8221;text_text_shadow_style,%91object Object%93&#8243; text_text_shadow_horizontal_length_tablet=&#8221;0px&#8221; text_text_shadow_vertical_length=&#8221;text_text_shadow_style,%91object Object%93&#8243; text_text_shadow_vertical_length_tablet=&#8221;0px&#8221; text_text_shadow_blur_strength=&#8221;text_text_shadow_style,%91object Object%93&#8243; text_text_shadow_blur_strength_tablet=&#8221;1px&#8221; link_text_shadow_horizontal_length=&#8221;link_text_shadow_style,%91object Object%93&#8243; link_text_shadow_horizontal_length_tablet=&#8221;0px&#8221; link_text_shadow_vertical_length=&#8221;link_text_shadow_style,%91object Object%93&#8243; link_text_shadow_vertical_length_tablet=&#8221;0px&#8221; link_text_shadow_blur_strength=&#8221;link_text_shadow_style,%91object Object%93&#8243; link_text_shadow_blur_strength_tablet=&#8221;1px&#8221; ul_text_shadow_horizontal_length=&#8221;ul_text_shadow_style,%91object Object%93&#8243; ul_text_shadow_horizontal_length_tablet=&#8221;0px&#8221; ul_text_shadow_vertical_length=&#8221;ul_text_shadow_style,%91object Object%93&#8243; ul_text_shadow_vertical_length_tablet=&#8221;0px&#8221; ul_text_shadow_blur_strength=&#8221;ul_text_shadow_style,%91object Object%93&#8243; ul_text_shadow_blur_strength_tablet=&#8221;1px&#8221; ol_text_shadow_horizontal_length=&#8221;ol_text_shadow_style,%91object Object%93&#8243; ol_text_shadow_horizontal_length_tablet=&#8221;0px&#8221; ol_text_shadow_vertical_length=&#8221;ol_text_shadow_style,%91object Object%93&#8243; ol_text_shadow_vertical_length_tablet=&#8221;0px&#8221; ol_text_shadow_blur_strength=&#8221;ol_text_shadow_style,%91object Object%93&#8243; ol_text_shadow_blur_strength_tablet=&#8221;1px&#8221; quote_text_shadow_horizontal_length=&#8221;quote_text_shadow_style,%91object Object%93&#8243; quote_text_shadow_horizontal_length_tablet=&#8221;0px&#8221; quote_text_shadow_vertical_length=&#8221;quote_text_shadow_style,%91object Object%93&#8243; quote_text_shadow_vertical_length_tablet=&#8221;0px&#8221; quote_text_shadow_blur_strength=&#8221;quote_text_shadow_style,%91object Object%93&#8243; quote_text_shadow_blur_strength_tablet=&#8221;1px&#8221; header_text_shadow_horizontal_length=&#8221;header_text_shadow_style,%91object Object%93&#8243; [&hellip;]<\/p>\n","protected":false},"author":4,"featured_media":0,"parent":0,"menu_order":0,"comment_status":"closed","ping_status":"closed","template":"","meta":{"_et_pb_use_builder":"on","_et_pb_old_content":"<p>[et_pb_section bb_built=\"1\"][et_pb_row][\/et_pb_row][\/et_pb_section]<\/p>","footnotes":""},"_links":{"self":[{"href":"https:\/\/www.permind.eu\/learningplatform\/wp-json\/wp\/v2\/pages\/4925"}],"collection":[{"href":"https:\/\/www.permind.eu\/learningplatform\/wp-json\/wp\/v2\/pages"}],"about":[{"href":"https:\/\/www.permind.eu\/learningplatform\/wp-json\/wp\/v2\/types\/page"}],"author":[{"embeddable":true,"href":"https:\/\/www.permind.eu\/learningplatform\/wp-json\/wp\/v2\/users\/4"}],"replies":[{"embeddable":true,"href":"https:\/\/www.permind.eu\/learningplatform\/wp-json\/wp\/v2\/comments?post=4925"}],"version-history":[{"count":1,"href":"https:\/\/www.permind.eu\/learningplatform\/wp-json\/wp\/v2\/pages\/4925\/revisions"}],"predecessor-version":[{"id":4926,"href":"https:\/\/www.permind.eu\/learningplatform\/wp-json\/wp\/v2\/pages\/4925\/revisions\/4926"}],"wp:attachment":[{"href":"https:\/\/www.permind.eu\/learningplatform\/wp-json\/wp\/v2\/media?parent=4925"}],"curies":[{"name":"wp","href":"https:\/\/api.w.org\/{rel}","templated":true}]}}