{"id":4965,"date":"2019-11-18T15:30:30","date_gmt":"2019-11-18T14:30:30","guid":{"rendered":"http:\/\/www.permind.eu\/learningplatform\/tutorials\/"},"modified":"2019-11-18T15:30:30","modified_gmt":"2019-11-18T14:30:30","slug":"tutorials","status":"publish","type":"page","link":"https:\/\/www.permind.eu\/learningplatform\/tutorials\/?lang=sl","title":{"rendered":"Tutorials"},"content":{"rendered":"<p>[et_pb_section fb_built=&#8221;1&#8243; _builder_version=&#8221;3.29.3&#8243; fb_built=&#8221;1&#8243; _i=&#8221;0&#8243; _address=&#8221;0&#8243;][et_pb_row _builder_version=&#8221;3.29.3&#8243; _i=&#8221;0&#8243; _address=&#8221;0.0&#8243;][et_pb_column type=&#8221;4_4&#8243; _builder_version=&#8221;3.29.3&#8243; _i=&#8221;0&#8243; _address=&#8221;0.0.0&#8243;][et_pb_text admin_label=&#8221;Text&#8221; _builder_version=&#8221;3.29.3&#8243; _i=&#8221;0&#8243; _address=&#8221;0.0.0.0&#8243;]<\/p>\n<h3><span style=\"color: #b3bf00;\">U\u010dna enota I \u2013 PERMAKULTURA KOT TERAPIJA<\/span><\/h3>\n<p>[\/et_pb_text][et_pb_video thumbnail_overlay_color=&#8221;rgba(0,0,0,0.6)&#8221; _builder_version=&#8221;3.29.3&#8243; hover_enabled=&#8221;0&#8243; src__hover_enabled=&#8221;off|desktop&#8221; _i=&#8221;1&#8243; _address=&#8221;0.0.0.1&#8243; src=&#8221;https:\/\/www.youtube.com\/playlist?list=PL4LGgElXjBEdQ6Gys2RThmqyostGtbGAc&#8221;][\/et_pb_video][et_pb_text admin_label=&#8221;Text&#8221; _builder_version=&#8221;3.29.3&#8243; hover_enabled=&#8221;0&#8243; _i=&#8221;0&#8243; _address=&#8221;0.0.0.0&#8243;]<\/p>\n<h3><span style=\"color: #b3bf00;\">U\u010dna enota II.-OBLIKOVANJE PROSTORA<\/span><\/h3>\n<p>[\/et_pb_text][et_pb_video _builder_version=&#8221;3.29.3&#8243; src=&#8221;https:\/\/www.youtube.com\/playlist?list=PL4LGgElXjBEf4WLlC_HQMAt3CUg6HpvLl&#8221; hover_enabled=&#8221;0&#8243;][\/et_pb_video][et_pb_text admin_label=&#8221;Text&#8221; _builder_version=&#8221;3.29.3&#8243; hover_enabled=&#8221;0&#8243; _i=&#8221;0&#8243; _address=&#8221;0.0.0.0&#8243;]<\/p>\n<h3><span style=\"color: #b3bf00;\">U\u010dna enota III.- OBLIKOVANJE NA\u0160EGA ZELENJAVNEGA VRTA<\/span><\/h3>\n<p>[\/et_pb_text][et_pb_video _builder_version=&#8221;3.29.3&#8243; src=&#8221;https:\/\/www.youtube.com\/playlist?list=PL4LGgElXjBEdwEHYejdd8_syQsEwPKMx1&#8243; hover_enabled=&#8221;0&#8243;][\/et_pb_video][et_pb_text admin_label=&#8221;Text&#8221; _builder_version=&#8221;3.29.3&#8243; hover_enabled=&#8221;0&#8243; _i=&#8221;0&#8243; _address=&#8221;0.0.0.0&#8243;]<\/p>\n<h3><span style=\"color: #b3bf00;\">U\u010dna enota IV.- U\u017dITNI VRTNI GOZDOVI<\/span><\/h3>\n<p>[\/et_pb_text][et_pb_video _builder_version=&#8221;3.29.3&#8243; src=&#8221;https:\/\/www.youtube.com\/playlist?list=PL4LGgElXjBEcJPOlQlGy6gn2YzSRizKm6&#8243; hover_enabled=&#8221;0&#8243;][\/et_pb_video][et_pb_text admin_label=&#8221;Text&#8221; _builder_version=&#8221;3.29.3&#8243; hover_enabled=&#8221;0&#8243; _i=&#8221;0&#8243; _address=&#8221;0.0.0.0&#8243;]<\/p>\n<h3><span style=\"color: #b3bf00;\">U\u010dna enota V.-VZDR\u017dEVANJE NA\u0160EGA ZELENJAVNEGA VRTA<\/span><\/h3>\n<p>[\/et_pb_text][et_pb_video _builder_version=&#8221;3.29.3&#8243; src=&#8221;https:\/\/www.youtube.com\/playlist?list=PL4LGgElXjBEeqID19LzBmObLwrqM_EZLe&#8221; hover_enabled=&#8221;0&#8243;][\/et_pb_video][et_pb_text admin_label=&#8221;Text&#8221; _builder_version=&#8221;3.29.3&#8243; hover_enabled=&#8221;0&#8243; _i=&#8221;0&#8243; _address=&#8221;0.0.0.0&#8243;]<\/p>\n<h3><span style=\"color: #b3bf00;\">U\u010dna enota VI.-OD SEMENA DO NABIRANJA SADOV<\/span><\/h3>\n<p>[\/et_pb_text][et_pb_video _builder_version=&#8221;3.29.3&#8243; src=&#8221;https:\/\/www.youtube.com\/playlist?list=PL4LGgElXjBEdbdPghRqK_Wts1Fmk5jrVv&#8221; hover_enabled=&#8221;0&#8243;][\/et_pb_video][\/et_pb_column][\/et_pb_row][\/et_pb_section]<\/p>\n","protected":false},"excerpt":{"rendered":"<p>[et_pb_section fb_built=&#8221;1&#8243; _builder_version=&#8221;3.29.3&#8243; fb_built=&#8221;1&#8243; _i=&#8221;0&#8243; _address=&#8221;0&#8243;][et_pb_row _builder_version=&#8221;3.29.3&#8243; _i=&#8221;0&#8243; _address=&#8221;0.0&#8243;][et_pb_column type=&#8221;4_4&#8243; _builder_version=&#8221;3.29.3&#8243; _i=&#8221;0&#8243; _address=&#8221;0.0.0&#8243;][et_pb_text admin_label=&#8221;Text&#8221; _builder_version=&#8221;3.29.3&#8243; _i=&#8221;0&#8243; _address=&#8221;0.0.0.0&#8243;] U\u010dna enota I \u2013 PERMAKULTURA KOT TERAPIJA [\/et_pb_text][et_pb_video thumbnail_overlay_color=&#8221;rgba(0,0,0,0.6)&#8221; _builder_version=&#8221;3.29.3&#8243; hover_enabled=&#8221;0&#8243; src__hover_enabled=&#8221;off|desktop&#8221; _i=&#8221;1&#8243; _address=&#8221;0.0.0.1&#8243; src=&#8221;https:\/\/www.youtube.com\/playlist?list=PL4LGgElXjBEdQ6Gys2RThmqyostGtbGAc&#8221;][\/et_pb_video][et_pb_text admin_label=&#8221;Text&#8221; _builder_version=&#8221;3.29.3&#8243; hover_enabled=&#8221;0&#8243; _i=&#8221;0&#8243; _address=&#8221;0.0.0.0&#8243;] U\u010dna enota II.-OBLIKOVANJE PROSTORA [\/et_pb_text][et_pb_video _builder_version=&#8221;3.29.3&#8243; src=&#8221;https:\/\/www.youtube.com\/playlist?list=PL4LGgElXjBEf4WLlC_HQMAt3CUg6HpvLl&#8221; hover_enabled=&#8221;0&#8243;][\/et_pb_video][et_pb_text admin_label=&#8221;Text&#8221; _builder_version=&#8221;3.29.3&#8243; hover_enabled=&#8221;0&#8243; _i=&#8221;0&#8243; _address=&#8221;0.0.0.0&#8243;] U\u010dna enota III.- OBLIKOVANJE NA\u0160EGA [&hellip;]<\/p>\n","protected":false},"author":4,"featured_media":0,"parent":0,"menu_order":0,"comment_status":"closed","ping_status":"closed","template":"","meta":{"_et_pb_use_builder":"on","_et_pb_old_content":"","footnotes":""},"_links":{"self":[{"href":"https:\/\/www.permind.eu\/learningplatform\/wp-json\/wp\/v2\/pages\/4965"}],"collection":[{"href":"https:\/\/www.permind.eu\/learningplatform\/wp-json\/wp\/v2\/pages"}],"about":[{"href":"https:\/\/www.permind.eu\/learningplatform\/wp-json\/wp\/v2\/types\/page"}],"author":[{"embeddable":true,"href":"https:\/\/www.permind.eu\/learningplatform\/wp-json\/wp\/v2\/users\/4"}],"replies":[{"embeddable":true,"href":"https:\/\/www.permind.eu\/learningplatform\/wp-json\/wp\/v2\/comments?post=4965"}],"version-history":[{"count":1,"href":"https:\/\/www.permind.eu\/learningplatform\/wp-json\/wp\/v2\/pages\/4965\/revisions"}],"predecessor-version":[{"id":4966,"href":"https:\/\/www.permind.eu\/learningplatform\/wp-json\/wp\/v2\/pages\/4965\/revisions\/4966"}],"wp:attachment":[{"href":"https:\/\/www.permind.eu\/learningplatform\/wp-json\/wp\/v2\/media?parent=4965"}],"curies":[{"name":"wp","href":"https:\/\/api.w.org\/{rel}","templated":true}]}}